{"id":2571,"date":"2018-01-16T11:21:47","date_gmt":"2018-01-16T10:21:47","guid":{"rendered":"https:\/\/www.gwg-guben.de\/?page_id=2571"},"modified":"2024-03-01T14:30:45","modified_gmt":"2024-03-01T13:30:45","slug":"mieszkanie","status":"publish","type":"page","link":"https:\/\/www.gwg-guben.de\/pl\/mieszkanie\/","title":{"rendered":"MIESZKANIE"},"content":{"rendered":"<div id=\"pl-2571\"  class=\"panel-layout\" ><div id=\"pg-2571-0\"  class=\"panel-grid panel-has-style\" ><div class=\"panel-row-style panel-row-style-for-2571-0\" ><div id=\"pgc-2571-0-0\"  class=\"panel-grid-cell\" ><div id=\"panel-2571-0-0-0\" class=\"so-panel widget widget_sow-editor panel-first-child panel-last-child\" data-index=\"0\" ><div\n\t\t\t\n\t\t\tclass=\"so-widget-sow-editor so-widget-sow-editor-base\"\n\t\t\t\n\t\t>\n<div class=\"siteorigin-widget-tinymce textwidget\">\n\t<p><img loading=\"lazy\" decoding=\"async\" class=\"alignnone wp-image-462 size-large\" src=\"https:\/\/www.gwg-guben.de\/s-content\/uploads\/2017\/06\/DSC_1433_web-1200x800.jpg\" alt=\"\" width=\"1200\" height=\"800\" srcset=\"https:\/\/www.gwg-guben.de\/s-content\/uploads\/2017\/06\/DSC_1433_web-1200x800.jpg 1200w, https:\/\/www.gwg-guben.de\/s-content\/uploads\/2017\/06\/DSC_1433_web-600x400.jpg 600w, https:\/\/www.gwg-guben.de\/s-content\/uploads\/2017\/06\/DSC_1433_web-768x512.jpg 768w, https:\/\/www.gwg-guben.de\/s-content\/uploads\/2017\/06\/DSC_1433_web-840x560.jpg 840w, https:\/\/www.gwg-guben.de\/s-content\/uploads\/2017\/06\/DSC_1433_web-540x360.jpg 540w, https:\/\/www.gwg-guben.de\/s-content\/uploads\/2017\/06\/DSC_1433_web.jpg 1500w\" sizes=\"auto, (max-width: 1200px) 100vw, 1200px\" \/><\/p><\/div>\n<\/div><\/div><\/div><div id=\"pgc-2571-0-1\"  class=\"panel-grid-cell\" ><div id=\"panel-2571-0-1-0\" class=\"so-panel widget widget_sow-editor panel-first-child panel-last-child\" data-index=\"1\" ><div\n\t\t\t\n\t\t\tclass=\"so-widget-sow-editor so-widget-sow-editor-base\"\n\t\t\t\n\t\t>\n<div class=\"siteorigin-widget-tinymce textwidget\">\n\t<h2>GDZIE CHCIELIBY PA\u0143STWO MIESZKA\u0106? <\/h2>\n<p>Obszary mieszkalne GWG znajduj\u0105 si\u0119 g\u0142\u00f3wnie - zgodnie ze starym gube\u0144skim zwyczajem j\u0119zykowym - na obszarach WK I do WK IV: Gubener Dubrau, Obersprucke, Stare Miasto Zach\u00f3d i Reichenbacher Berg. Nasza najnowsza nieruchomo\u015b\u0107 jest po\u0142o\u017cona blisko Nysy na Starym Mie\u015bcie w Guben.<\/p>\n<p><a class=\"btn btn-primary\" href=\"https:\/\/www.gwg-guben.de\/pl\/mieszkanie\/obszary-mieszkalne\/\">PRZEJD\u0179 DO OBSZAR\u00d3W MIESZKALNYCH<\/a><\/p>\n<\/div>\n<\/div><\/div><\/div><\/div><\/div><div id=\"pg-2571-1\"  class=\"panel-grid panel-has-style\" ><div class=\"grayColorRow siteorigin-panels-stretch panel-row-style panel-row-style-for-2571-1\" data-stretch-type=\"full\" ><div id=\"pgc-2571-1-0\"  class=\"panel-grid-cell\" ><div id=\"panel-2571-1-0-0\" class=\"so-panel widget widget_sow-editor panel-first-child panel-last-child\" data-index=\"2\" ><div\n\t\t\t\n\t\t\tclass=\"so-widget-sow-editor so-widget-sow-editor-base\"\n\t\t\t\n\t\t>\n<div class=\"siteorigin-widget-tinymce textwidget\">\n\t<h2>MODERNIZACJA ZAKO\u0143CZONA<\/h2>\n<p>Co s\u0105dzicie Pa\u0144stwo o mieszkaniu 2-pokojowym wyremontowanym w wysokim standardzie? Prace modernizacyjne na ul. Goethestra\u00dfe 84, przede wszystkim wraz z monta\u017cem windy zosta\u0142y zako\u0144czone. Obecnie jest do dyspozycji jeszcze tylko kilka mieszka\u0144.<\/p>\n<p><a class=\"btn btn-primary\" href=\"https:\/\/www.gwg-guben.de\/pl\/mieszkanie\/offerta-specjalna\/\">WI\u0118CEJ INFORMACJI<\/a><\/p>\n<\/div>\n<\/div><\/div><\/div><div id=\"pgc-2571-1-1\"  class=\"panel-grid-cell\" ><div id=\"panel-2571-1-1-0\" class=\"so-panel widget widget_sow-editor panel-first-child panel-last-child\" data-index=\"3\" ><div\n\t\t\t\n\t\t\tclass=\"so-widget-sow-editor so-widget-sow-editor-base\"\n\t\t\t\n\t\t>\n<div class=\"siteorigin-widget-tinymce textwidget\">\n\t<p><img loading=\"lazy\" decoding=\"async\" class=\"alignnone wp-image-2432 size-large\" src=\"https:\/\/www.gwg-guben.de\/s-content\/uploads\/2017\/12\/IMG_7011_web-1-1200x800.jpg\" alt=\"\" width=\"1200\" height=\"800\" srcset=\"https:\/\/www.gwg-guben.de\/s-content\/uploads\/2017\/12\/IMG_7011_web-1-1200x800.jpg 1200w, https:\/\/www.gwg-guben.de\/s-content\/uploads\/2017\/12\/IMG_7011_web-1-600x400.jpg 600w, https:\/\/www.gwg-guben.de\/s-content\/uploads\/2017\/12\/IMG_7011_web-1-768x512.jpg 768w, https:\/\/www.gwg-guben.de\/s-content\/uploads\/2017\/12\/IMG_7011_web-1-840x560.jpg 840w, https:\/\/www.gwg-guben.de\/s-content\/uploads\/2017\/12\/IMG_7011_web-1-540x360.jpg 540w, https:\/\/www.gwg-guben.de\/s-content\/uploads\/2017\/12\/IMG_7011_web-1.jpg 1500w\" sizes=\"auto, (max-width: 1200px) 100vw, 1200px\" \/><\/p><\/div>\n<\/div><\/div><\/div><\/div><\/div><div id=\"pg-2571-2\"  class=\"panel-grid panel-has-style\" ><div class=\"panel-row-style panel-row-style-for-2571-2\" ><div id=\"pgc-2571-2-0\"  class=\"panel-grid-cell\" ><div id=\"panel-2571-2-0-0\" class=\"so-panel widget widget_sow-editor panel-first-child panel-last-child\" data-index=\"4\" ><div\n\t\t\t\n\t\t\tclass=\"so-widget-sow-editor so-widget-sow-editor-base\"\n\t\t\t\n\t\t>\n<div class=\"siteorigin-widget-tinymce textwidget\">\n\t<p><img loading=\"lazy\" decoding=\"async\" class=\"alignnone wp-image-1893 size-medium\" src=\"https:\/\/www.gwg-guben.de\/s-content\/uploads\/2017\/05\/Depositphotos_152488478_original_web-1-600x400.jpg\" alt=\"\" width=\"600\" height=\"400\" srcset=\"https:\/\/www.gwg-guben.de\/s-content\/uploads\/2017\/05\/Depositphotos_152488478_original_web-1-600x400.jpg 600w, https:\/\/www.gwg-guben.de\/s-content\/uploads\/2017\/05\/Depositphotos_152488478_original_web-1-768x512.jpg 768w, https:\/\/www.gwg-guben.de\/s-content\/uploads\/2017\/05\/Depositphotos_152488478_original_web-1.jpg 1200w, https:\/\/www.gwg-guben.de\/s-content\/uploads\/2017\/05\/Depositphotos_152488478_original_web-1-840x560.jpg 840w, https:\/\/www.gwg-guben.de\/s-content\/uploads\/2017\/05\/Depositphotos_152488478_original_web-1-540x360.jpg 540w\" sizes=\"auto, (max-width: 600px) 100vw, 600px\" \/><\/p><\/div>\n<\/div><\/div><\/div><div id=\"pgc-2571-2-1\"  class=\"panel-grid-cell\" ><div id=\"panel-2571-2-1-0\" class=\"so-panel widget widget_sow-editor panel-first-child panel-last-child\" data-index=\"5\" ><div\n\t\t\t\n\t\t\tclass=\"so-widget-sow-editor so-widget-sow-editor-base\"\n\t\t\t\n\t\t>\n<div class=\"siteorigin-widget-tinymce textwidget\">\n\t<div id=\"panel-260-0-1-0\" class=\"so-panel widget widget_sow-editor panel-first-child\" data-index=\"1\">\n<div class=\"panel-widget-style panel-widget-style-for-260-0-1-0\">\n<div class=\"so-widget-sow-editor so-widget-sow-editor-base\">\n<div class=\"siteorigin-widget-tinymce textwidget\">\n<h2>ZNAJD\u0179 WYGODNIE ODPOWIEDNIE MIESZKANIE<\/h2>\n<p>Czy wiedz\u0105 ju\u017c Pa\u0144stwo na jakiej ulicy chc\u0105 Pa\u0144stwo mieszka\u0107, czy mo\u017ce informacja o ilo\u015bci pokoi w wyszukiwaniu jest na razie wystarczaj\u0105ca? Z funkcj\u0105 wyszukiwania mog\u0105 Pa\u0144stwo wygodnie i szybko uzyska\u0107 dost\u0119p do wszystkich aktualnych ofert.<\/p>\n<\/div>\n<\/div>\n<\/div>\n<\/div>\n<p><a class=\"btn btn-primary\" href=\"https:\/\/www.gwg-guben.de\/pl\/mieszkanie\/wyszukiwanie-mieszkania\/\">PRZEJD\u0179 DO WYSZUKIWANIA MIESZKANIA<\/a><\/p>\n<\/div>\n<\/div><\/div><\/div><\/div><\/div><div id=\"pg-2571-3\"  class=\"panel-grid panel-has-style\" ><div class=\"grayColorRow siteorigin-panels-stretch panel-row-style panel-row-style-for-2571-3\" data-stretch-type=\"full\" ><div id=\"pgc-2571-3-0\"  class=\"panel-grid-cell\" ><div id=\"panel-2571-3-0-0\" class=\"so-panel widget widget_sow-editor panel-first-child panel-last-child\" data-index=\"6\" ><div\n\t\t\t\n\t\t\tclass=\"so-widget-sow-editor so-widget-sow-editor-base\"\n\t\t\t\n\t\t>\n<div class=\"siteorigin-widget-tinymce textwidget\">\n\t<h2>PYTANIA &amp; ODPOWIEDZI<\/h2>\n<p>Przy szukaniu mieszkania nasuwa si\u0119 Pa\u0144stwu niekiedy wiele pyta\u0144. Czy GWG dysponuje r\u00f3wnie\u017c mieszkaniami, kt\u00f3re s\u0105 dost\u0119pe dla os\u00f3b niepe\u0142nosprawnych? Czy s\u0105 mieszkania z ogrodem lub przynale\u017cn\u0105 dzia\u0142k\u0105? Czy musz\u0119 liczy\u0107 si\u0119 z czasem oczekiwania ? Odpowiedzi na te i inne pytania znajd\u0105 Pa\u0144stwo tutaj.<\/p>\n<p><a class=\"btn btn-primary\" href=\"https:\/\/www.gwg-guben.de\/pl\/mieszkanie\/pytania-odpowiedzi\/\">OTRZYMAJ ODPOWIEDZI<\/a><\/p>\n<\/div>\n<\/div><\/div><\/div><div id=\"pgc-2571-3-1\"  class=\"panel-grid-cell\" ><div id=\"panel-2571-3-1-0\" class=\"so-panel widget widget_sow-editor panel-first-child panel-last-child\" data-index=\"7\" ><div\n\t\t\t\n\t\t\tclass=\"so-widget-sow-editor so-widget-sow-editor-base\"\n\t\t\t\n\t\t>\n<div class=\"siteorigin-widget-tinymce textwidget\">\n\t<p><img loading=\"lazy\" decoding=\"async\" class=\"alignnone wp-image-1947 size-medium\" src=\"https:\/\/www.gwg-guben.de\/s-content\/uploads\/2017\/05\/Depositphotos_18763579_original_web-600x400.jpg\" alt=\"\" width=\"600\" height=\"400\" srcset=\"https:\/\/www.gwg-guben.de\/s-content\/uploads\/2017\/05\/Depositphotos_18763579_original_web-600x400.jpg 600w, https:\/\/www.gwg-guben.de\/s-content\/uploads\/2017\/05\/Depositphotos_18763579_original_web-768x512.jpg 768w, https:\/\/www.gwg-guben.de\/s-content\/uploads\/2017\/05\/Depositphotos_18763579_original_web.jpg 1200w, https:\/\/www.gwg-guben.de\/s-content\/uploads\/2017\/05\/Depositphotos_18763579_original_web-840x560.jpg 840w, https:\/\/www.gwg-guben.de\/s-content\/uploads\/2017\/05\/Depositphotos_18763579_original_web-540x360.jpg 540w\" sizes=\"auto, (max-width: 600px) 100vw, 600px\" \/><\/p><\/div>\n<\/div><\/div><\/div><\/div><\/div><div id=\"pg-2571-4\"  class=\"panel-grid panel-has-style\" ><div class=\"panel-row-style panel-row-style-for-2571-4\" ><div id=\"pgc-2571-4-0\"  class=\"panel-grid-cell\" ><div id=\"panel-2571-4-0-0\" class=\"so-panel widget widget_sow-editor panel-first-child panel-last-child\" data-index=\"8\" ><div\n\t\t\t\n\t\t\tclass=\"so-widget-sow-editor so-widget-sow-editor-base\"\n\t\t\t\n\t\t>\n<div class=\"siteorigin-widget-tinymce textwidget\">\n\t<p style=\"text-align: center;\"><a href=\"https:\/\/www.gwg-guben.de\/pl\/mieszkanie\/pytania-odpowiedzi\/\"><img loading=\"lazy\" decoding=\"async\" class=\"alignnone wp-image-2878 size-full aligncenter\" src=\"https:\/\/www.gwg-guben.de\/s-content\/uploads\/2018\/01\/spielen_pl.jpg\" alt=\"\" width=\"559\" height=\"287\" \/><\/a><\/p>\n<\/div>\n<\/div><\/div><\/div><\/div><\/div><\/div>","protected":false},"excerpt":{"rendered":"<p>GDZIE CHCIELIBY PA\u0143STWO MIESZKA\u0106? Obszary mieszkalne GWG znajduj\u0105 si\u0119 g\u0142\u00f3wnie &#8211; zgodnie ze starym gube\u0144skim zwyczajem j\u0119zykowym &#8211; na obszarach WK I do WK IV: &hellip;<\/p>\n","protected":false},"author":2,"featured_media":0,"parent":0,"menu_order":20,"comment_status":"closed","ping_status":"closed","template":"","meta":{"footnotes":""},"class_list":["post-2571","page","type-page","status-publish","hentry"],"_links":{"self":[{"href":"https:\/\/www.gwg-guben.de\/pl\/wp-json\/wp\/v2\/pages\/2571","targetHints":{"allow":["GET"]}}],"collection":[{"href":"https:\/\/www.gwg-guben.de\/pl\/wp-json\/wp\/v2\/pages"}],"about":[{"href":"https:\/\/www.gwg-guben.de\/pl\/wp-json\/wp\/v2\/types\/page"}],"author":[{"embeddable":true,"href":"https:\/\/www.gwg-guben.de\/pl\/wp-json\/wp\/v2\/users\/2"}],"replies":[{"embeddable":true,"href":"https:\/\/www.gwg-guben.de\/pl\/wp-json\/wp\/v2\/comments?post=2571"}],"version-history":[{"count":5,"href":"https:\/\/www.gwg-guben.de\/pl\/wp-json\/wp\/v2\/pages\/2571\/revisions"}],"predecessor-version":[{"id":7958,"href":"https:\/\/www.gwg-guben.de\/pl\/wp-json\/wp\/v2\/pages\/2571\/revisions\/7958"}],"wp:attachment":[{"href":"https:\/\/www.gwg-guben.de\/pl\/wp-json\/wp\/v2\/media?parent=2571"}],"curies":[{"name":"wp","href":"https:\/\/api.w.org\/{rel}","templated":true}]}}