{"id":2601,"date":"2018-01-16T13:32:54","date_gmt":"2018-01-16T12:32:54","guid":{"rendered":"https:\/\/www.gwg-guben.de\/?page_id=2601"},"modified":"2024-03-01T14:33:46","modified_gmt":"2024-03-01T13:33:46","slug":"uslugi","status":"publish","type":"page","link":"https:\/\/www.gwg-guben.de\/pl\/uslugi\/","title":{"rendered":"US\u0141UGI"},"content":{"rendered":"<div id=\"pl-2601\"  class=\"panel-layout\" ><div id=\"pg-2601-0\"  class=\"panel-grid panel-has-style\" ><div class=\"panel-row-style panel-row-style-for-2601-0\" ><div id=\"pgc-2601-0-0\"  class=\"panel-grid-cell\" ><div id=\"panel-2601-0-0-0\" class=\"so-panel widget widget_sow-editor panel-first-child panel-last-child\" data-index=\"0\" ><div\n\t\t\t\n\t\t\tclass=\"so-widget-sow-editor so-widget-sow-editor-base\"\n\t\t\t\n\t\t>\n<div class=\"siteorigin-widget-tinymce textwidget\">\n\t<p><img loading=\"lazy\" decoding=\"async\" class=\"alignnone wp-image-518 size-medium\" src=\"https:\/\/www.gwg-guben.de\/s-content\/uploads\/2017\/05\/DSC_1409_web-600x400.jpg\" alt=\"\" width=\"600\" height=\"400\" srcset=\"https:\/\/www.gwg-guben.de\/s-content\/uploads\/2017\/05\/DSC_1409_web-600x400.jpg 600w, https:\/\/www.gwg-guben.de\/s-content\/uploads\/2017\/05\/DSC_1409_web-768x512.jpg 768w, https:\/\/www.gwg-guben.de\/s-content\/uploads\/2017\/05\/DSC_1409_web-1200x800.jpg 1200w, https:\/\/www.gwg-guben.de\/s-content\/uploads\/2017\/05\/DSC_1409_web-840x560.jpg 840w, https:\/\/www.gwg-guben.de\/s-content\/uploads\/2017\/05\/DSC_1409_web-540x360.jpg 540w, https:\/\/www.gwg-guben.de\/s-content\/uploads\/2017\/05\/DSC_1409_web.jpg 1500w\" sizes=\"auto, (max-width: 600px) 100vw, 600px\" \/><\/p>\n<\/div>\n<\/div><\/div><\/div><div id=\"pgc-2601-0-1\"  class=\"panel-grid-cell\" ><div id=\"panel-2601-0-1-0\" class=\"so-panel widget widget_sow-editor panel-first-child panel-last-child\" data-index=\"1\" ><div\n\t\t\t\n\t\t\tclass=\"so-widget-sow-editor so-widget-sow-editor-base\"\n\t\t\t\n\t\t>\n<div class=\"siteorigin-widget-tinymce textwidget\">\n\t<p>&nbsp;<\/p>\n<h2>MIESZKANIA DLA GO\u015aCI<\/h2>\n<p>Spodziewaj\u0105 si\u0119 Pa\u0144stwo go\u015bci? Zbli\u017ca si\u0119 jaka\u015b uroczysto\u015b\u0107? Dla naszych cz\u0142onk\u00f3w przygotowane mamy pi\u0119\u0107 przytulnych mieszka\u0144 dla go\u015bci, kt\u00f3re mog\u0105 by\u0107 r\u00f3wnie\u017c wynajmowane d\u0142ugoterminowo.<\/p>\n<p><a class=\"btn btn-primary\" href=\"https:\/\/www.gwg-guben.de\/pl\/uslugi\/mieszkania-dla-gosci\/\">DOWIEDZ SI\u0118 WI\u0118CEJ<\/a><\/p>\n<\/div>\n<\/div><\/div><\/div><\/div><\/div><div id=\"pg-2601-1\"  class=\"panel-grid panel-has-style\" ><div class=\"grayColorRow siteorigin-panels-stretch panel-row-style panel-row-style-for-2601-1\" data-stretch-type=\"full\" ><div id=\"pgc-2601-1-0\"  class=\"panel-grid-cell\" ><div id=\"panel-2601-1-0-0\" class=\"so-panel widget widget_sow-editor panel-first-child panel-last-child\" data-index=\"2\" ><div\n\t\t\t\n\t\t\tclass=\"so-widget-sow-editor so-widget-sow-editor-base\"\n\t\t\t\n\t\t>\n<div class=\"siteorigin-widget-tinymce textwidget\">\n\t<h2 style=\"text-align: right;\">ZG\u0141OSZENIE NAPRAWY<\/h2>\n<p>Co\u015b si\u0119 zepsu\u0142o? Kran nie dzia\u0142a? Gdzie\u015b cieknie? Chc\u0105 Pa\u0144stwa zacz\u0105\u0107 remont i potrzebuj\u0105 wsparcia?<\/p>\n<p style=\"text-align: right;\"><a class=\"btn btn-primary\" href=\"https:\/\/www.gwg-guben.de\/pl\/uslugi\/zgloszenie-naprawy\/\">TUTAJ INFORMACJE<\/a><\/p>\n<\/div>\n<\/div><\/div><\/div><div id=\"pgc-2601-1-1\"  class=\"panel-grid-cell\" ><div id=\"panel-2601-1-1-0\" class=\"so-panel widget widget_sow-editor panel-first-child panel-last-child\" data-index=\"3\" ><div\n\t\t\t\n\t\t\tclass=\"so-widget-sow-editor so-widget-sow-editor-base\"\n\t\t\t\n\t\t>\n<div class=\"siteorigin-widget-tinymce textwidget\">\n\t<p><img loading=\"lazy\" decoding=\"async\" class=\"size-full wp-image-145\" src=\"https:\/\/www.gwg-guben.de\/s-content\/uploads\/2017\/05\/gwg_service_0002_reperaturanmeldung.jpg\" alt=\"\" width=\"1200\" height=\"800\" srcset=\"https:\/\/www.gwg-guben.de\/s-content\/uploads\/2017\/05\/gwg_service_0002_reperaturanmeldung.jpg 1200w, https:\/\/www.gwg-guben.de\/s-content\/uploads\/2017\/05\/gwg_service_0002_reperaturanmeldung-600x400.jpg 600w, https:\/\/www.gwg-guben.de\/s-content\/uploads\/2017\/05\/gwg_service_0002_reperaturanmeldung-768x512.jpg 768w, https:\/\/www.gwg-guben.de\/s-content\/uploads\/2017\/05\/gwg_service_0002_reperaturanmeldung-272x182.jpg 272w\" sizes=\"auto, (max-width: 1200px) 100vw, 1200px\" \/><\/p>\n<\/div>\n<\/div><\/div><\/div><\/div><\/div><div id=\"pg-2601-2\"  class=\"panel-grid panel-has-style\" ><div class=\"panel-row-style panel-row-style-for-2601-2\" ><div id=\"pgc-2601-2-0\"  class=\"panel-grid-cell\" ><div id=\"panel-2601-2-0-0\" class=\"so-panel widget widget_sow-editor panel-first-child panel-last-child\" data-index=\"4\" ><div\n\t\t\t\n\t\t\tclass=\"so-widget-sow-editor so-widget-sow-editor-base\"\n\t\t\t\n\t\t>\n<div class=\"siteorigin-widget-tinymce textwidget\">\n\t<p><img loading=\"lazy\" decoding=\"async\" class=\"alignnone wp-image-466 size-medium\" src=\"https:\/\/www.gwg-guben.de\/\/s-content\/uploads\/2017\/06\/DSC_6992_web-600x400.jpg\" alt=\"\" width=\"600\" height=\"400\" srcset=\"https:\/\/www.gwg-guben.de\/s-content\/uploads\/2017\/06\/DSC_6992_web-600x400.jpg 600w, https:\/\/www.gwg-guben.de\/s-content\/uploads\/2017\/06\/DSC_6992_web-768x512.jpg 768w, https:\/\/www.gwg-guben.de\/s-content\/uploads\/2017\/06\/DSC_6992_web-1200x800.jpg 1200w, https:\/\/www.gwg-guben.de\/s-content\/uploads\/2017\/06\/DSC_6992_web-840x560.jpg 840w, https:\/\/www.gwg-guben.de\/s-content\/uploads\/2017\/06\/DSC_6992_web-540x360.jpg 540w, https:\/\/www.gwg-guben.de\/s-content\/uploads\/2017\/06\/DSC_6992_web.jpg 1500w\" sizes=\"auto, (max-width: 600px) 100vw, 600px\" \/><\/p>\n<\/div>\n<\/div><\/div><\/div><div id=\"pgc-2601-2-1\"  class=\"panel-grid-cell\" ><div id=\"panel-2601-2-1-0\" class=\"so-panel widget widget_sow-editor panel-first-child panel-last-child\" data-index=\"5\" ><div\n\t\t\t\n\t\t\tclass=\"so-widget-sow-editor so-widget-sow-editor-base\"\n\t\t\t\n\t\t>\n<div class=\"siteorigin-widget-tinymce textwidget\">\n\t<h2>MIESZKANIA Z US\u0141UGAMI<\/h2>\n<p>Oferujemy nie tylko mieszkania, lecz &nbsp;tak\u017ce wiele us\u0142ug. Dzi\u0119ki \u015bcis\u0142ej wsp\u00f3\u0142pracy z Stowarzyszeniem Pomocy Spo\u0142ecznej Volkssolidarit\u00e4t w Guben mo\u017cemy zorganizowa\u0107 pomoc np. przy zakupach i za\u0142atwianiu spraw urz\u0119dowych.<\/p>\n<p><a class=\"btn btn-primary\" href=\"https:\/\/www.gwg-guben.de\/pl\/uslugi\/mieszkanie-z-uslugami\/\">TUTAJ INFORMACJE<\/a><\/p>\n<\/div>\n<\/div><\/div><\/div><\/div><\/div><div id=\"pg-2601-3\"  class=\"panel-grid panel-has-style\" ><div class=\"grayColorRow siteorigin-panels-stretch panel-row-style panel-row-style-for-2601-3\" data-stretch-type=\"full\" ><div id=\"pgc-2601-3-0\"  class=\"panel-grid-cell\" ><div id=\"panel-2601-3-0-0\" class=\"so-panel widget widget_sow-editor panel-first-child panel-last-child\" data-index=\"6\" ><div\n\t\t\t\n\t\t\tclass=\"so-widget-sow-editor so-widget-sow-editor-base\"\n\t\t\t\n\t\t>\n<div class=\"siteorigin-widget-tinymce textwidget\">\n\t<p>&nbsp;<\/p>\n<h2 style=\"text-align: right;\">PUNKT SPOTKA\u0143 DLA CZ\u0141ONK\u00d3W<\/h2>\n<p>Od wiosny 2017 dysponujemy punktem spotka\u0144 dla cz\u0142onk\u00f3w, kt\u00f3ry zosta\u0142 dobrze przyj\u0119ty ju\u017c w pierwszych miesi\u0105cach swojego istnienia.<\/p>\n<p style=\"text-align: right;\"><a class=\"btn btn-primary\" href=\"https:\/\/www.gwg-guben.de\/pl\/uslugi\/punkt-spotkac-dla-czlonkow\/\">DOWIEDZ SI\u0118 WI\u0118CEJ<\/a><\/p>\n<\/div>\n<\/div><\/div><\/div><div id=\"pgc-2601-3-1\"  class=\"panel-grid-cell\" ><div id=\"panel-2601-3-1-0\" class=\"so-panel widget widget_sow-editor panel-first-child panel-last-child\" data-index=\"7\" ><div\n\t\t\t\n\t\t\tclass=\"so-widget-sow-editor so-widget-sow-editor-base\"\n\t\t\t\n\t\t>\n<div class=\"siteorigin-widget-tinymce textwidget\">\n\t<p><img loading=\"lazy\" decoding=\"async\" class=\"alignnone size-large wp-image-144\" src=\"https:\/\/www.gwg-guben.de\/s-content\/uploads\/2017\/05\/gwg_service_0001_mitgliedertreff-1200x800.jpg\" alt=\"\" width=\"1200\" height=\"800\" srcset=\"https:\/\/www.gwg-guben.de\/s-content\/uploads\/2017\/05\/gwg_service_0001_mitgliedertreff.jpg 1200w, https:\/\/www.gwg-guben.de\/s-content\/uploads\/2017\/05\/gwg_service_0001_mitgliedertreff-600x400.jpg 600w, https:\/\/www.gwg-guben.de\/s-content\/uploads\/2017\/05\/gwg_service_0001_mitgliedertreff-768x512.jpg 768w, https:\/\/www.gwg-guben.de\/s-content\/uploads\/2017\/05\/gwg_service_0001_mitgliedertreff-272x182.jpg 272w\" sizes=\"auto, (max-width: 1200px) 100vw, 1200px\" \/><\/p>\n<\/div>\n<\/div><\/div><\/div><\/div><\/div><div id=\"pg-2601-4\"  class=\"panel-grid panel-has-style\" ><div class=\"panel-row-style panel-row-style-for-2601-4\" ><div id=\"pgc-2601-4-0\"  class=\"panel-grid-cell\" ><div id=\"panel-2601-4-0-0\" class=\"so-panel widget widget_sow-editor panel-first-child panel-last-child\" data-index=\"8\" ><div\n\t\t\t\n\t\t\tclass=\"so-widget-sow-editor so-widget-sow-editor-base\"\n\t\t\t\n\t\t>\n<div class=\"siteorigin-widget-tinymce textwidget\">\n\t<p><a href=\"https:\/\/www.gwg-guben.de\/pl\/mieszkanie-wohnen\/pytania-odpowiedzi\/\"><img loading=\"lazy\" decoding=\"async\" class=\"wp-image-2878 size-full aligncenter\" src=\"https:\/\/www.gwg-guben.de\/s-content\/uploads\/2018\/01\/spielen_pl.jpg\" alt=\"\" width=\"559\" height=\"287\" \/><\/a><\/p>\n<\/div>\n<\/div><\/div><\/div><\/div><\/div><\/div>","protected":false},"excerpt":{"rendered":"<p>&nbsp; MIESZKANIA DLA GO\u015aCI Spodziewaj\u0105 si\u0119 Pa\u0144stwo go\u015bci? Zbli\u017ca si\u0119 jaka\u015b uroczysto\u015b\u0107? Dla naszych cz\u0142onk\u00f3w przygotowane mamy pi\u0119\u0107 przytulnych mieszka\u0144 dla go\u015bci, kt\u00f3re mog\u0105 by\u0107 &hellip;<\/p>\n","protected":false},"author":2,"featured_media":0,"parent":0,"menu_order":30,"comment_status":"closed","ping_status":"closed","template":"","meta":{"footnotes":""},"class_list":["post-2601","page","type-page","status-publish","hentry"],"_links":{"self":[{"href":"https:\/\/www.gwg-guben.de\/pl\/wp-json\/wp\/v2\/pages\/2601","targetHints":{"allow":["GET"]}}],"collection":[{"href":"https:\/\/www.gwg-guben.de\/pl\/wp-json\/wp\/v2\/pages"}],"about":[{"href":"https:\/\/www.gwg-guben.de\/pl\/wp-json\/wp\/v2\/types\/page"}],"author":[{"embeddable":true,"href":"https:\/\/www.gwg-guben.de\/pl\/wp-json\/wp\/v2\/users\/2"}],"replies":[{"embeddable":true,"href":"https:\/\/www.gwg-guben.de\/pl\/wp-json\/wp\/v2\/comments?post=2601"}],"version-history":[{"count":6,"href":"https:\/\/www.gwg-guben.de\/pl\/wp-json\/wp\/v2\/pages\/2601\/revisions"}],"predecessor-version":[{"id":7961,"href":"https:\/\/www.gwg-guben.de\/pl\/wp-json\/wp\/v2\/pages\/2601\/revisions\/7961"}],"wp:attachment":[{"href":"https:\/\/www.gwg-guben.de\/pl\/wp-json\/wp\/v2\/media?parent=2601"}],"curies":[{"name":"wp","href":"https:\/\/api.w.org\/{rel}","templated":true}]}}