{"id":2625,"date":"2018-01-16T13:16:18","date_gmt":"2018-01-16T12:16:18","guid":{"rendered":"https:\/\/www.gwg-guben.de\/?page_id=2625"},"modified":"2018-01-25T10:33:49","modified_gmt":"2018-01-25T09:33:49","slug":"zgloszenie-naprawy","status":"publish","type":"page","link":"https:\/\/www.gwg-guben.de\/pl\/uslugi\/zgloszenie-naprawy\/","title":{"rendered":"ZG\u0141OSZENIE NAPRAWY"},"content":{"rendered":"<div id=\"pl-2625\"  class=\"panel-layout\" ><div id=\"pg-2625-0\"  class=\"panel-grid panel-has-style\" ><div class=\"panel-row-style panel-row-style-for-2625-0\" ><div id=\"pgc-2625-0-0\"  class=\"panel-grid-cell\" ><div id=\"panel-2625-0-0-0\" class=\"so-panel widget widget_sow-editor panel-first-child panel-last-child\" data-index=\"0\" ><div\n\t\t\t\n\t\t\tclass=\"so-widget-sow-editor so-widget-sow-editor-base\"\n\t\t\t\n\t\t>\n<div class=\"siteorigin-widget-tinymce textwidget\">\n\t<p><img loading=\"lazy\" decoding=\"async\" class=\"alignnone wp-image-145 size-medium\" src=\"https:\/\/www.gwg-guben.de\/\/s-content\/uploads\/2017\/05\/gwg_service_0002_reperaturanmeldung-600x400.jpg\" alt=\"\" width=\"600\" height=\"400\" srcset=\"https:\/\/www.gwg-guben.de\/s-content\/uploads\/2017\/05\/gwg_service_0002_reperaturanmeldung-600x400.jpg 600w, https:\/\/www.gwg-guben.de\/s-content\/uploads\/2017\/05\/gwg_service_0002_reperaturanmeldung-768x512.jpg 768w, https:\/\/www.gwg-guben.de\/s-content\/uploads\/2017\/05\/gwg_service_0002_reperaturanmeldung.jpg 1200w, https:\/\/www.gwg-guben.de\/s-content\/uploads\/2017\/05\/gwg_service_0002_reperaturanmeldung-272x182.jpg 272w\" sizes=\"auto, (max-width: 600px) 100vw, 600px\" \/><\/p><\/div>\n<\/div><\/div><\/div><div id=\"pgc-2625-0-1\"  class=\"panel-grid-cell\" ><div id=\"panel-2625-0-1-0\" class=\"so-panel widget widget_sow-editor panel-first-child panel-last-child\" data-index=\"1\" ><div\n\t\t\t\n\t\t\tclass=\"so-widget-sow-editor so-widget-sow-editor-base\"\n\t\t\t\n\t\t>\n<div class=\"siteorigin-widget-tinymce textwidget\">\n\t<h2>PRZY NAPRAWACH \u2013 BIS GmbH<\/h2>\n<p>Co\u015b si\u0119 zepsu\u0142o? Kran nie dzia\u0142a? Gdzie\u015b cieknie? W takich przypadkach nasi dozorcy s\u0105 dla Pa\u0144stwa pierwsz\u0105 osob\u0105 do kontaktu. Chc\u0105 Pa\u0144stwo zacz\u0105\u0107 remont i potrzebuj\u0105 wsparcia? Tu wchodzi do gry nasza sp\u00f3\u0142ka c\u00f3rka BIS GmbH. Je\u015bli postanowi\u0105 Pa\u0144stwo pomalowa\u0107 mieszkanie lub po\u0142o\u017cy\u0107 pod\u0142og\u0119, to mog\u0105 si\u0119 Pa\u0144stwo wtedy zwr\u00f3ci\u0107 si\u0119 z pe\u0142nym zaufaniem do pracownik\u00f3w naszej sp\u00f3\u0142ki c\u00f3rki.<\/p>\n<p><a class=\"btn btn-primary noIcon\" href=\"tel:\/\/+49 3561 43870\">NUMER ALARMOWY BRZMI: 03561 52034<\/a><\/p>\n<\/div>\n<\/div><\/div><\/div><\/div><\/div><\/div>","protected":false},"excerpt":{"rendered":"<p>PRZY NAPRAWACH \u2013 BIS GmbH Co\u015b si\u0119 zepsu\u0142o? Kran nie dzia\u0142a? Gdzie\u015b cieknie? W takich przypadkach nasi dozorcy s\u0105 dla Pa\u0144stwa pierwsz\u0105 osob\u0105 do kontaktu. &hellip;<\/p>\n","protected":false},"author":2,"featured_media":0,"parent":2601,"menu_order":0,"comment_status":"closed","ping_status":"closed","template":"","meta":{"footnotes":""},"class_list":["post-2625","page","type-page","status-publish","hentry"],"_links":{"self":[{"href":"https:\/\/www.gwg-guben.de\/pl\/wp-json\/wp\/v2\/pages\/2625","targetHints":{"allow":["GET"]}}],"collection":[{"href":"https:\/\/www.gwg-guben.de\/pl\/wp-json\/wp\/v2\/pages"}],"about":[{"href":"https:\/\/www.gwg-guben.de\/pl\/wp-json\/wp\/v2\/types\/page"}],"author":[{"embeddable":true,"href":"https:\/\/www.gwg-guben.de\/pl\/wp-json\/wp\/v2\/users\/2"}],"replies":[{"embeddable":true,"href":"https:\/\/www.gwg-guben.de\/pl\/wp-json\/wp\/v2\/comments?post=2625"}],"version-history":[{"count":5,"href":"https:\/\/www.gwg-guben.de\/pl\/wp-json\/wp\/v2\/pages\/2625\/revisions"}],"predecessor-version":[{"id":3009,"href":"https:\/\/www.gwg-guben.de\/pl\/wp-json\/wp\/v2\/pages\/2625\/revisions\/3009"}],"up":[{"embeddable":true,"href":"https:\/\/www.gwg-guben.de\/pl\/wp-json\/wp\/v2\/pages\/2601"}],"wp:attachment":[{"href":"https:\/\/www.gwg-guben.de\/pl\/wp-json\/wp\/v2\/media?parent=2625"}],"curies":[{"name":"wp","href":"https:\/\/api.w.org\/{rel}","templated":true}]}}