{"id":2630,"date":"2018-01-16T13:21:30","date_gmt":"2018-01-16T12:21:30","guid":{"rendered":"https:\/\/www.gwg-guben.de\/?page_id=2630"},"modified":"2024-02-27T12:11:19","modified_gmt":"2024-02-27T11:11:19","slug":"mieszkanie-z-uslugami","status":"publish","type":"page","link":"https:\/\/www.gwg-guben.de\/pl\/uslugi\/mieszkanie-z-uslugami\/","title":{"rendered":"MIESZKANIE Z US\u0141UGAMI"},"content":{"rendered":"<div id=\"pl-2630\"  class=\"panel-layout\" ><div id=\"pg-2630-0\"  class=\"panel-grid panel-has-style\" ><div class=\"panel-row-style panel-row-style-for-2630-0\" ><div id=\"pgc-2630-0-0\"  class=\"panel-grid-cell\" ><div id=\"panel-2630-0-0-0\" class=\"so-panel widget widget_sow-editor panel-first-child panel-last-child\" data-index=\"0\" ><div\n\t\t\t\n\t\t\tclass=\"so-widget-sow-editor so-widget-sow-editor-base\"\n\t\t\t\n\t\t>\n<div class=\"siteorigin-widget-tinymce textwidget\">\n\t<p><img loading=\"lazy\" decoding=\"async\" class=\"alignnone wp-image-466 size-medium\" src=\"https:\/\/www.gwg-guben.de\/s-content\/uploads\/2017\/06\/DSC_6992_web-600x400.jpg\" alt=\"\" width=\"600\" height=\"400\" srcset=\"https:\/\/www.gwg-guben.de\/s-content\/uploads\/2017\/06\/DSC_6992_web-600x400.jpg 600w, https:\/\/www.gwg-guben.de\/s-content\/uploads\/2017\/06\/DSC_6992_web-768x512.jpg 768w, https:\/\/www.gwg-guben.de\/s-content\/uploads\/2017\/06\/DSC_6992_web-1200x800.jpg 1200w, https:\/\/www.gwg-guben.de\/s-content\/uploads\/2017\/06\/DSC_6992_web-840x560.jpg 840w, https:\/\/www.gwg-guben.de\/s-content\/uploads\/2017\/06\/DSC_6992_web-540x360.jpg 540w, https:\/\/www.gwg-guben.de\/s-content\/uploads\/2017\/06\/DSC_6992_web.jpg 1500w\" sizes=\"auto, (max-width: 600px) 100vw, 600px\" \/><\/p><\/div>\n<\/div><\/div><\/div><div id=\"pgc-2630-0-1\"  class=\"panel-grid-cell\" ><div id=\"panel-2630-0-1-0\" class=\"so-panel widget widget_sow-editor panel-first-child panel-last-child\" data-index=\"1\" ><div\n\t\t\t\n\t\t\tclass=\"so-widget-sow-editor so-widget-sow-editor-base\"\n\t\t\t\n\t\t>\n<div class=\"siteorigin-widget-tinymce textwidget\">\n\t<h2>MIESZKANIA I WI\u0118CEJ<\/h2>\n<p>Oferujemy nie tylko mieszkania, lecz tak\u017ce wiele us\u0142ug.<\/p>\n<\/div>\n<\/div><\/div><\/div><\/div><\/div><div id=\"pg-2630-1\"  class=\"panel-grid panel-has-style\" ><div class=\"panel-row-style panel-row-style-for-2630-1\" ><div id=\"pgc-2630-1-0\"  class=\"panel-grid-cell\" ><div id=\"panel-2630-1-0-0\" class=\"so-panel widget widget_sow-editor panel-first-child panel-last-child\" data-index=\"2\" ><div\n\t\t\t\n\t\t\tclass=\"so-widget-sow-editor so-widget-sow-editor-base\"\n\t\t\t\n\t\t>\n<div class=\"siteorigin-widget-tinymce textwidget\">\n\t<h3>Us\u0142ugi w \u017cyciu codziennym:<\/h3>\n<p>Po pierwsze mog\u0105 Pa\u0144stwo zwr\u00f3ci\u0107 si\u0119 do Pani Wa\u00dfmann. Prowadzi ona punkt spotka\u0144 dla cz\u0142onk\u00f3w i jest do Pa\u0144stwa dyspozycji przy wszystkich pytaniach dotycz\u0105cych Pa\u0144stwa \u017cycia codziennego.<\/p>\n<p>Po drugie \u015bci\u015ble wsp\u00f3\u0142pracujemy z Stowarzyszeniem Pomocy Spo\u0142ecznej Volkssolidarit\u00e4t w Guben. Uzyskaj\u0105 tam Pa\u0144stwo pomoc np. przy zakupach, wsparcie przy za\u0142atwianiu spraw urz\u0119dowych i wiele innych. Oto dane kontaktowe:\u00a0<\/p>\n<p>Silke Starus<br \/>Heinrich-Mann Str. 39<br \/>03172 Guben<br \/>Tel.: 03561 686348<br \/>Fax: 03561 546818<br \/>E-Mail: <a href=\"mailto:pdl-sst-guben@volkssolidaritaet.de\">pdl-sst-guben@volkssolidaritaet.de<\/a><\/p>\n<\/div>\n<\/div><\/div><\/div><div id=\"pgc-2630-1-1\"  class=\"panel-grid-cell\" ><div id=\"panel-2630-1-1-0\" class=\"so-panel widget widget_sow-editor panel-first-child panel-last-child\" data-index=\"3\" ><div\n\t\t\t\n\t\t\tclass=\"so-widget-sow-editor so-widget-sow-editor-base\"\n\t\t\t\n\t\t>\n<div class=\"siteorigin-widget-tinymce textwidget\">\n\t<h3>Us\u0142ugi zwi\u0105zane z mieszkaniem:<\/h3>\n<p>Do naszych us\u0142ug nale\u017cy tak\u017ce wsparcie, je\u015bli chc\u0105 Pa\u0144stwo zmieni\u0107 plan poziomy Pa\u0144stwa mieszkania lub tak\u017ce dokona\u0107 zmian dostosowanych do Pa\u0144stwa wieku (\u0142azienka). Ch\u0119tnie Pa\u0144stwu doradzimy! Prosz\u0119 zwr\u00f3ci\u0107 si\u0119 w tej sprawie do Pana Burtchen.<\/p>\n<p>Nasza sp\u00f3\u0142ka c\u00f3rka, BIS GmbH wykonuje dla nas us\u0142ugi rzemie\u015blnicze, w tym np. wszystko co jest zwi\u0105zane z elektryk\u0105 i instalacj\u0105, ale tak\u017ce prace malarskie i wyk\u0142adanie pod\u0142\u00f3g.<\/p>\n<\/div>\n<\/div><\/div><\/div><\/div><\/div><\/div>","protected":false},"excerpt":{"rendered":"<p>MIESZKANIA I WI\u0118CEJ Oferujemy nie tylko mieszkania, lecz tak\u017ce wiele us\u0142ug. Us\u0142ugi w \u017cyciu codziennym: Po pierwsze mog\u0105 Pa\u0144stwo zwr\u00f3ci\u0107 si\u0119 do Pani Wa\u00dfmann. Prowadzi &hellip;<\/p>\n","protected":false},"author":2,"featured_media":0,"parent":2601,"menu_order":30,"comment_status":"closed","ping_status":"closed","template":"","meta":{"footnotes":""},"class_list":["post-2630","page","type-page","status-publish","hentry"],"_links":{"self":[{"href":"https:\/\/www.gwg-guben.de\/pl\/wp-json\/wp\/v2\/pages\/2630","targetHints":{"allow":["GET"]}}],"collection":[{"href":"https:\/\/www.gwg-guben.de\/pl\/wp-json\/wp\/v2\/pages"}],"about":[{"href":"https:\/\/www.gwg-guben.de\/pl\/wp-json\/wp\/v2\/types\/page"}],"author":[{"embeddable":true,"href":"https:\/\/www.gwg-guben.de\/pl\/wp-json\/wp\/v2\/users\/2"}],"replies":[{"embeddable":true,"href":"https:\/\/www.gwg-guben.de\/pl\/wp-json\/wp\/v2\/comments?post=2630"}],"version-history":[{"count":5,"href":"https:\/\/www.gwg-guben.de\/pl\/wp-json\/wp\/v2\/pages\/2630\/revisions"}],"predecessor-version":[{"id":7948,"href":"https:\/\/www.gwg-guben.de\/pl\/wp-json\/wp\/v2\/pages\/2630\/revisions\/7948"}],"up":[{"embeddable":true,"href":"https:\/\/www.gwg-guben.de\/pl\/wp-json\/wp\/v2\/pages\/2601"}],"wp:attachment":[{"href":"https:\/\/www.gwg-guben.de\/pl\/wp-json\/wp\/v2\/media?parent=2630"}],"curies":[{"name":"wp","href":"https:\/\/api.w.org\/{rel}","templated":true}]}}