{"id":2672,"date":"2018-01-16T13:59:08","date_gmt":"2018-01-16T12:59:08","guid":{"rendered":"https:\/\/www.gwg-guben.de\/?page_id=2672"},"modified":"2024-02-21T09:41:48","modified_gmt":"2024-02-21T08:41:48","slug":"liczby-fakty","status":"publish","type":"page","link":"https:\/\/www.gwg-guben.de\/pl\/przedsiebiorstwo\/liczby-fakty\/","title":{"rendered":"LICZBY &#038; FAKTY"},"content":{"rendered":"<div id=\"pl-2672\"  class=\"panel-layout\" ><div id=\"pg-2672-0\"  class=\"panel-grid panel-has-style\" ><div class=\"panel-row-style panel-row-style-for-2672-0\" ><div id=\"pgc-2672-0-0\"  class=\"panel-grid-cell\" ><div id=\"panel-2672-0-0-0\" class=\"so-panel widget widget_sow-editor panel-first-child panel-last-child\" data-index=\"0\" ><div\n\t\t\t\n\t\t\tclass=\"so-widget-sow-editor so-widget-sow-editor-base\"\n\t\t\t\n\t\t>\n<div class=\"siteorigin-widget-tinymce textwidget\">\n\t<p><img loading=\"lazy\" decoding=\"async\" class=\"alignright size-full wp-image-5297\" src=\"https:\/\/www.gwg-guben.de\/s-content\/uploads\/2020\/01\/g0012796-guben_neisseterassealtstadtblick_01_web-600x400-1.jpg\" alt=\"\" width=\"600\" height=\"400\" srcset=\"https:\/\/www.gwg-guben.de\/s-content\/uploads\/2020\/01\/g0012796-guben_neisseterassealtstadtblick_01_web-600x400-1.jpg 600w, https:\/\/www.gwg-guben.de\/s-content\/uploads\/2020\/01\/g0012796-guben_neisseterassealtstadtblick_01_web-600x400-1-540x360.jpg 540w, https:\/\/www.gwg-guben.de\/s-content\/uploads\/2020\/01\/g0012796-guben_neisseterassealtstadtblick_01_web-600x400-1-272x182.jpg 272w\" sizes=\"auto, (max-width: 600px) 100vw, 600px\" \/><\/p>\n<\/div>\n<\/div><\/div><\/div><div id=\"pgc-2672-0-1\"  class=\"panel-grid-cell\" ><div id=\"panel-2672-0-1-0\" class=\"so-panel widget widget_sow-editor panel-first-child panel-last-child\" data-index=\"1\" ><div\n\t\t\t\n\t\t\tclass=\"so-widget-sow-editor so-widget-sow-editor-base\"\n\t\t\t\n\t\t>\n<div class=\"siteorigin-widget-tinymce textwidget\">\n\t<h2>GWG Z INNEJ PERSPEKTYWY<\/h2>\n<p>Na dzie\u0144 31.12.2022 mieli\u015bmy zas\u00f3b\u00a0<strong><span class=\"ml-react-markdown-inline-token ml-react-markdown-token-raw\">2.399<\/span> mieszka\u0144<\/strong>, <strong>34 lokali handlowych<\/strong>, <strong>127 gara\u017cy<\/strong> i <strong>563 miejsc parkingowych<\/strong>. Zas\u00f3b ten znajduje si\u0119 bez wyj\u0105tku - wed\u0142ug starego gube\u0144skiego zwyczaju j\u0119zykowego - \u00a0w obszarach WK I do WK IV (WK= kompleks mieszkalny):<\/p>\n<ul>\n<li>WK I\u00a0\u00a0 Gubener Dubrau<\/li>\n<li>WK II\u00a0 Obersprucke<\/li>\n<li>WK III Stare Miasto Zach\u00f3d<\/li>\n<li>Stare Miasto Wsch\u00f3d\/Centrum miasta<\/li>\n<li>WK IV Reichenbacher Berg<\/li>\n<\/ul>\n<p>Z rocznym bilansem z dnia 31.12.2022 mieli\u015bmy <strong>2.376 cz\u0142onk\u00f3w<\/strong>. Team GWG,\u00a0 a wi\u0119c kierownictwo oraz wszyscy na sta\u0142e zatrudnieni pracownicy, sk\u0142ada si\u0119 z <strong>23 os\u00f3b<\/strong>.<\/p>\n<p>W og\u00f3lnoniemieckim por\u00f3wnaniu GWG eG znajduje si\u0119 powy\u017cej \u015bredniej : nasze wyposa\u017cenie w kapita\u0142 w\u0142asny jest dobre, a nasze wydatki na utrzymanie z ponad 20 \u20ac\/ m\u00b2 rocznie s\u0105 w por\u00f3wnaniu z innymi przedsi\u0119biorstwami mieszkaniowymi ponadprzeci\u0119tne (przeci\u0119tna Berlin-Brandenburg\u00a0 ~17,50 %). Dzi\u0119ki naszemu wysokiemu poziomowi modernizacji nasi u\u017cytkownicy p\u0142ac\u0105 od lat \u015brednio ni\u017csze koszty eksploatacji i ogrzewania ni\u017c w por\u00f3wnaniu z ca\u0142\u0105 Brandenburgi\u0105.<\/p>\n<\/div>\n<\/div><\/div><\/div><\/div><\/div><\/div>","protected":false},"excerpt":{"rendered":"<p>GWG Z INNEJ PERSPEKTYWY Na dzie\u0144 31.12.2022 mieli\u015bmy zas\u00f3b\u00a02.399 mieszka\u0144, 34 lokali handlowych, 127 gara\u017cy i 563 miejsc parkingowych. Zas\u00f3b ten znajduje si\u0119 bez wyj\u0105tku &hellip;<\/p>\n","protected":false},"author":2,"featured_media":0,"parent":2660,"menu_order":20,"comment_status":"closed","ping_status":"closed","template":"","meta":{"footnotes":""},"class_list":["post-2672","page","type-page","status-publish","hentry"],"_links":{"self":[{"href":"https:\/\/www.gwg-guben.de\/pl\/wp-json\/wp\/v2\/pages\/2672","targetHints":{"allow":["GET"]}}],"collection":[{"href":"https:\/\/www.gwg-guben.de\/pl\/wp-json\/wp\/v2\/pages"}],"about":[{"href":"https:\/\/www.gwg-guben.de\/pl\/wp-json\/wp\/v2\/types\/page"}],"author":[{"embeddable":true,"href":"https:\/\/www.gwg-guben.de\/pl\/wp-json\/wp\/v2\/users\/2"}],"replies":[{"embeddable":true,"href":"https:\/\/www.gwg-guben.de\/pl\/wp-json\/wp\/v2\/comments?post=2672"}],"version-history":[{"count":5,"href":"https:\/\/www.gwg-guben.de\/pl\/wp-json\/wp\/v2\/pages\/2672\/revisions"}],"predecessor-version":[{"id":7916,"href":"https:\/\/www.gwg-guben.de\/pl\/wp-json\/wp\/v2\/pages\/2672\/revisions\/7916"}],"up":[{"embeddable":true,"href":"https:\/\/www.gwg-guben.de\/pl\/wp-json\/wp\/v2\/pages\/2660"}],"wp:attachment":[{"href":"https:\/\/www.gwg-guben.de\/pl\/wp-json\/wp\/v2\/media?parent=2672"}],"curies":[{"name":"wp","href":"https:\/\/api.w.org\/{rel}","templated":true}]}}