{"id":2678,"date":"2018-01-16T14:06:52","date_gmt":"2018-01-16T13:06:52","guid":{"rendered":"https:\/\/www.gwg-guben.de\/?page_id=2678"},"modified":"2023-10-25T09:57:43","modified_gmt":"2023-10-25T07:57:43","slug":"team","status":"publish","type":"page","link":"https:\/\/www.gwg-guben.de\/pl\/przedsiebiorstwo\/team\/","title":{"rendered":"Team"},"content":{"rendered":"<div id=\"pl-2678\"  class=\"panel-layout\" ><div id=\"pg-2678-0\"  class=\"panel-grid panel-has-style\" ><div class=\"panel-row-style panel-row-style-for-2678-0\" ><div id=\"pgc-2678-0-0\"  class=\"panel-grid-cell\" ><div id=\"panel-2678-0-0-0\" class=\"so-panel widget widget_sow-editor panel-first-child panel-last-child\" data-index=\"0\" ><div\n\t\t\t\n\t\t\tclass=\"so-widget-sow-editor so-widget-sow-editor-base\"\n\t\t\t\n\t\t>\n<div class=\"siteorigin-widget-tinymce textwidget\">\n\t<h2>NASI PRACOWNICY<\/h2>\n<p>Nasz zesp\u00f3\u0142 jest stosunkowo niewielki. Z 18 pracownikami i kadrami kierowniczymi mo\u017cemy poruszy\u0107 ,,niebo i ziemi\u0119\u201d.<\/p>\n<\/div>\n<\/div><\/div><\/div><\/div><\/div><div id=\"pg-2678-1\"  class=\"panel-grid panel-has-style\" ><div class=\"panel-row-style panel-row-style-for-2678-1\" ><div id=\"pgc-2678-1-0\"  class=\"panel-grid-cell\" ><div id=\"panel-2678-1-0-0\" class=\"so-panel widget widget_sow-editor panel-first-child\" data-index=\"1\" ><div\n\t\t\t\n\t\t\tclass=\"so-widget-sow-editor so-widget-sow-editor-base\"\n\t\t\t\n\t\t>\n<div class=\"siteorigin-widget-tinymce textwidget\">\n\t<h3 style=\"text-align: center;\">Zarz\u0105d<\/h3>\n<\/div>\n<\/div><\/div><div id=\"panel-2678-1-0-1\" class=\"so-panel widget widget_sow-editor panel-last-child\" data-index=\"2\" ><div class=\"panel-widget-style panel-widget-style-for-2678-1-0-1\" ><div\n\t\t\t\n\t\t\tclass=\"so-widget-sow-editor so-widget-sow-editor-base\"\n\t\t\t\n\t\t>\n<div class=\"siteorigin-widget-tinymce textwidget\">\n\t<p><img loading=\"lazy\" decoding=\"async\" class=\"size-medium wp-image-7813 aligncenter\" src=\"https:\/\/www.gwg-guben.de\/s-content\/uploads\/2023\/10\/design-ohne-titel-600x300.png\" alt=\"\" width=\"600\" height=\"300\" srcset=\"https:\/\/www.gwg-guben.de\/s-content\/uploads\/2023\/10\/design-ohne-titel-600x300.png 600w, https:\/\/www.gwg-guben.de\/s-content\/uploads\/2023\/10\/design-ohne-titel-1200x600.png 1200w, https:\/\/www.gwg-guben.de\/s-content\/uploads\/2023\/10\/design-ohne-titel-768x384.png 768w, https:\/\/www.gwg-guben.de\/s-content\/uploads\/2023\/10\/design-ohne-titel-1536x768.png 1536w, https:\/\/www.gwg-guben.de\/s-content\/uploads\/2023\/10\/design-ohne-titel-2048x1024.png 2048w\" sizes=\"auto, (max-width: 600px) 100vw, 600px\" \/><\/p>\n<\/div>\n<\/div><\/div><\/div><\/div><\/div><\/div><div id=\"pg-2678-2\"  class=\"panel-grid panel-has-style\" ><div class=\"panel-row-style panel-row-style-for-2678-2\" ><div id=\"pgc-2678-2-0\"  class=\"panel-grid-cell\" ><div id=\"panel-2678-2-0-0\" class=\"so-panel widget widget_sow-editor panel-first-child\" data-index=\"3\" ><div\n\t\t\t\n\t\t\tclass=\"so-widget-sow-editor so-widget-sow-editor-base\"\n\t\t\t\n\t\t>\n<div class=\"siteorigin-widget-tinymce textwidget\">\n\t<h3 style=\"text-align: left;\">Gospodarka mieszkaniowa &amp; technika<\/h3>\n<\/div>\n<\/div><\/div><div id=\"panel-2678-2-0-1\" class=\"so-panel widget widget_sow-editor\" data-index=\"4\" ><div class=\"panel-widget-style panel-widget-style-for-2678-2-0-1\" ><div\n\t\t\t\n\t\t\tclass=\"so-widget-sow-editor so-widget-sow-editor-base\"\n\t\t\t\n\t\t>\n<div class=\"siteorigin-widget-tinymce textwidget\">\n\t<p><img loading=\"lazy\" decoding=\"async\" class=\"alignright wp-image-5261 size-medium\" src=\"https:\/\/www.gwg-guben.de\/s-content\/uploads\/2020\/01\/ww_dsc_9873_mb-600x375.jpg\" alt=\"\" width=\"600\" height=\"375\" srcset=\"https:\/\/www.gwg-guben.de\/s-content\/uploads\/2020\/01\/ww_dsc_9873_mb-600x375.jpg 600w, https:\/\/www.gwg-guben.de\/s-content\/uploads\/2020\/01\/ww_dsc_9873_mb-1200x750.jpg 1200w, https:\/\/www.gwg-guben.de\/s-content\/uploads\/2020\/01\/ww_dsc_9873_mb-768x480.jpg 768w, https:\/\/www.gwg-guben.de\/s-content\/uploads\/2020\/01\/ww_dsc_9873_mb-1536x960.jpg 1536w, https:\/\/www.gwg-guben.de\/s-content\/uploads\/2020\/01\/ww_dsc_9873_mb-2048x1280.jpg 2048w\" sizes=\"auto, (max-width: 600px) 100vw, 600px\" \/><\/p>\n<\/div>\n<\/div><\/div><\/div><div id=\"panel-2678-2-0-2\" class=\"so-panel widget widget_sow-editor\" data-index=\"5\" ><div class=\"panel-widget-style panel-widget-style-for-2678-2-0-2\" ><div\n\t\t\t\n\t\t\tclass=\"so-widget-sow-editor so-widget-sow-editor-base\"\n\t\t\t\n\t\t>\n<div class=\"siteorigin-widget-tinymce textwidget\">\n\t<h3 style=\"text-align: left;\">Sekretariat, kasa &amp; recepcja<\/h3>\n<\/div>\n<\/div><\/div><\/div><div id=\"panel-2678-2-0-3\" class=\"so-panel widget widget_sow-editor panel-last-child\" data-index=\"6\" ><div class=\"panel-widget-style panel-widget-style-for-2678-2-0-3\" ><div\n\t\t\t\n\t\t\tclass=\"so-widget-sow-editor so-widget-sow-editor-base\"\n\t\t\t\n\t\t>\n<div class=\"siteorigin-widget-tinymce textwidget\">\n\t<p><img loading=\"lazy\" decoding=\"async\" class=\"alignnone wp-image-1787 size-medium\" src=\"https:\/\/www.gwg-guben.de\/s-content\/uploads\/2017\/05\/gwg_teams_1-600x348.jpg\" alt=\"\" width=\"600\" height=\"348\" srcset=\"https:\/\/www.gwg-guben.de\/s-content\/uploads\/2017\/05\/gwg_teams_1-600x348.jpg 600w, https:\/\/www.gwg-guben.de\/s-content\/uploads\/2017\/05\/gwg_teams_1-768x446.jpg 768w, https:\/\/www.gwg-guben.de\/s-content\/uploads\/2017\/05\/gwg_teams_1-1200x697.jpg 1200w, https:\/\/www.gwg-guben.de\/s-content\/uploads\/2017\/05\/gwg_teams_1.jpg 1920w\" sizes=\"auto, (max-width: 600px) 100vw, 600px\" \/><\/p>\n<\/div>\n<\/div><\/div><\/div><\/div><div id=\"pgc-2678-2-1\"  class=\"panel-grid-cell\" ><div id=\"panel-2678-2-1-0\" class=\"so-panel widget widget_sow-editor panel-first-child\" data-index=\"7\" ><div\n\t\t\t\n\t\t\tclass=\"so-widget-sow-editor so-widget-sow-editor-base\"\n\t\t\t\n\t\t>\n<div class=\"siteorigin-widget-tinymce textwidget\">\n\t<h3 style=\"text-align: left;\">Dozorcy<\/h3>\n<\/div>\n<\/div><\/div><div id=\"panel-2678-2-1-1\" class=\"so-panel widget widget_sow-editor\" data-index=\"8\" ><div class=\"panel-widget-style panel-widget-style-for-2678-2-1-1\" ><div\n\t\t\t\n\t\t\tclass=\"so-widget-sow-editor so-widget-sow-editor-base\"\n\t\t\t\n\t\t>\n<div class=\"siteorigin-widget-tinymce textwidget\">\n\t<p><img loading=\"lazy\" decoding=\"async\" class=\"alignright wp-image-7691 size-medium\" src=\"https:\/\/www.gwg-guben.de\/s-content\/uploads\/2023\/07\/hausmeister-600x375.png\" alt=\"\" width=\"600\" height=\"375\" srcset=\"https:\/\/www.gwg-guben.de\/s-content\/uploads\/2023\/07\/hausmeister-600x375.png 600w, https:\/\/www.gwg-guben.de\/s-content\/uploads\/2023\/07\/hausmeister-1200x750.png 1200w, https:\/\/www.gwg-guben.de\/s-content\/uploads\/2023\/07\/hausmeister-768x480.png 768w, https:\/\/www.gwg-guben.de\/s-content\/uploads\/2023\/07\/hausmeister-1536x960.png 1536w, https:\/\/www.gwg-guben.de\/s-content\/uploads\/2023\/07\/hausmeister-2048x1280.png 2048w\" sizes=\"auto, (max-width: 600px) 100vw, 600px\" \/><\/p>\n<\/div>\n<\/div><\/div><\/div><div id=\"panel-2678-2-1-2\" class=\"so-panel widget widget_sow-editor\" data-index=\"9\" ><div class=\"panel-widget-style panel-widget-style-for-2678-2-1-2\" ><div\n\t\t\t\n\t\t\tclass=\"so-widget-sow-editor so-widget-sow-editor-base\"\n\t\t\t\n\t\t>\n<div class=\"siteorigin-widget-tinymce textwidget\">\n\t<h3 style=\"text-align: left;\">Finanse &amp; ksi\u0119gowo\u015b\u0107<\/h3>\n<\/div>\n<\/div><\/div><\/div><div id=\"panel-2678-2-1-3\" class=\"so-panel widget widget_sow-editor panel-last-child\" data-index=\"10\" ><div class=\"panel-widget-style panel-widget-style-for-2678-2-1-3\" ><div\n\t\t\t\n\t\t\tclass=\"so-widget-sow-editor so-widget-sow-editor-base\"\n\t\t\t\n\t\t>\n<div class=\"siteorigin-widget-tinymce textwidget\">\n\t<p><img loading=\"lazy\" decoding=\"async\" class=\"alignright wp-image-7805 size-medium\" src=\"https:\/\/www.gwg-guben.de\/s-content\/uploads\/2023\/10\/231024-rw-komplett-scaled-e1698220612268-600x349.jpg\" alt=\"\" width=\"600\" height=\"349\" srcset=\"https:\/\/www.gwg-guben.de\/s-content\/uploads\/2023\/10\/231024-rw-komplett-scaled-e1698220612268-600x349.jpg 600w, https:\/\/www.gwg-guben.de\/s-content\/uploads\/2023\/10\/231024-rw-komplett-scaled-e1698220612268-1200x698.jpg 1200w, https:\/\/www.gwg-guben.de\/s-content\/uploads\/2023\/10\/231024-rw-komplett-scaled-e1698220612268-768x447.jpg 768w, https:\/\/www.gwg-guben.de\/s-content\/uploads\/2023\/10\/231024-rw-komplett-scaled-e1698220612268-1536x893.jpg 1536w, https:\/\/www.gwg-guben.de\/s-content\/uploads\/2023\/10\/231024-rw-komplett-scaled-e1698220612268-2048x1191.jpg 2048w\" sizes=\"auto, (max-width: 600px) 100vw, 600px\" \/><\/p>\n<\/div>\n<\/div><\/div><\/div><\/div><\/div><\/div><\/div>","protected":false},"excerpt":{"rendered":"<p>NASI PRACOWNICY Nasz zesp\u00f3\u0142 jest stosunkowo niewielki. Z 18 pracownikami i kadrami kierowniczymi mo\u017cemy poruszy\u0107 ,,niebo i ziemi\u0119\u201d. Zarz\u0105d<\/p>\n","protected":false},"author":2,"featured_media":0,"parent":2660,"menu_order":30,"comment_status":"closed","ping_status":"closed","template":"","meta":{"footnotes":""},"class_list":["post-2678","page","type-page","status-publish","hentry"],"_links":{"self":[{"href":"https:\/\/www.gwg-guben.de\/pl\/wp-json\/wp\/v2\/pages\/2678","targetHints":{"allow":["GET"]}}],"collection":[{"href":"https:\/\/www.gwg-guben.de\/pl\/wp-json\/wp\/v2\/pages"}],"about":[{"href":"https:\/\/www.gwg-guben.de\/pl\/wp-json\/wp\/v2\/types\/page"}],"author":[{"embeddable":true,"href":"https:\/\/www.gwg-guben.de\/pl\/wp-json\/wp\/v2\/users\/2"}],"replies":[{"embeddable":true,"href":"https:\/\/www.gwg-guben.de\/pl\/wp-json\/wp\/v2\/comments?post=2678"}],"version-history":[{"count":6,"href":"https:\/\/www.gwg-guben.de\/pl\/wp-json\/wp\/v2\/pages\/2678\/revisions"}],"predecessor-version":[{"id":7820,"href":"https:\/\/www.gwg-guben.de\/pl\/wp-json\/wp\/v2\/pages\/2678\/revisions\/7820"}],"up":[{"embeddable":true,"href":"https:\/\/www.gwg-guben.de\/pl\/wp-json\/wp\/v2\/pages\/2660"}],"wp:attachment":[{"href":"https:\/\/www.gwg-guben.de\/pl\/wp-json\/wp\/v2\/media?parent=2678"}],"curies":[{"name":"wp","href":"https:\/\/api.w.org\/{rel}","templated":true}]}}