{"id":2681,"date":"2018-01-16T14:10:33","date_gmt":"2018-01-16T13:10:33","guid":{"rendered":"https:\/\/www.gwg-guben.de\/?page_id=2681"},"modified":"2018-01-25T10:32:39","modified_gmt":"2018-01-25T09:32:39","slug":"panstwa-korzysci","status":"publish","type":"page","link":"https:\/\/www.gwg-guben.de\/pl\/przedsiebiorstwo\/panstwa-korzysci\/","title":{"rendered":"PA\u0143STWA KORZY\u015aCI"},"content":{"rendered":"<div id=\"pl-2681\"  class=\"panel-layout\" ><div id=\"pg-2681-0\"  class=\"panel-grid panel-has-style\" ><div class=\"panel-row-style panel-row-style-for-2681-0\" ><div id=\"pgc-2681-0-0\"  class=\"panel-grid-cell\" ><div id=\"panel-2681-0-0-0\" class=\"so-panel widget widget_sow-editor panel-first-child panel-last-child\" data-index=\"0\" ><div class=\"panel-widget-style panel-widget-style-for-2681-0-0-0\" ><div\n\t\t\t\n\t\t\tclass=\"so-widget-sow-editor so-widget-sow-editor-base\"\n\t\t\t\n\t\t>\n<div class=\"siteorigin-widget-tinymce textwidget\">\n\t<p><img loading=\"lazy\" decoding=\"async\" class=\"alignnone wp-image-2114 size-full\" src=\"https:\/\/www.gwg-guben.de\/s-content\/uploads\/2017\/05\/gwg_vorteile_web-1.jpg\" alt=\"\" width=\"1323\" height=\"1920\" srcset=\"https:\/\/www.gwg-guben.de\/s-content\/uploads\/2017\/05\/gwg_vorteile_web-1.jpg 1323w, https:\/\/www.gwg-guben.de\/s-content\/uploads\/2017\/05\/gwg_vorteile_web-1-413x600.jpg 413w, https:\/\/www.gwg-guben.de\/s-content\/uploads\/2017\/05\/gwg_vorteile_web-1-768x1115.jpg 768w, https:\/\/www.gwg-guben.de\/s-content\/uploads\/2017\/05\/gwg_vorteile_web-1-827x1200.jpg 827w\" sizes=\"auto, (max-width: 1323px) 100vw, 1323px\" \/><\/p><\/div>\n<\/div><\/div><\/div><\/div><div id=\"pgc-2681-0-1\"  class=\"panel-grid-cell\" ><div id=\"panel-2681-0-1-0\" class=\"so-panel widget widget_sow-editor panel-first-child panel-last-child\" data-index=\"1\" ><div\n\t\t\t\n\t\t\tclass=\"so-widget-sow-editor so-widget-sow-editor-base\"\n\t\t\t\n\t\t>\n<div class=\"siteorigin-widget-tinymce textwidget\">\n\t<h2>INWESTYCJE, US\u0141UGI I KOMFORT<\/h2>\n<p><strong>Ostatnie dwadzie\u015bcia lat GWG pokaza\u0142y, \u017ce wsp\u00f3lnotowy model biznesowy Sp\u00f3\u0142dzielni mo\u017ce by\u0107 bardzo skuteczny r\u00f3wnie\u017c w budownictwie mieszkaniowym.<\/strong> Wygospodarowane zyski nie wp\u0142ywaj\u0105 do kiesze\u0144 w\u0142a\u015bcicieli lub akcjonariuszy, lecz s\u0105 przeznaczane w interesie cz\u0142onk\u00f3w. Z powodu niezale\u017cno\u015bci gospodarczej GWG jest w stanie szybko wyj\u015b\u0107 na przeciw dynamicznym zmianom spo\u0142ecze\u0144stwa, jak na przyk\u0142ad rozw\u00f3j demograficzny i zmieniaj\u0105ce si\u0119 potrzeby cz\u0142onk\u00f3w.<\/p>\n<p>Je\u015bli znale\u017ali Pa\u0144stwo u nas odpowiednie mieszkanie, to nadszed\u0142 czas, aby pozna\u0107 tak\u017ce wyra\u017ane zalety Sp\u00f3\u0142dzielni.<\/p>\n<p>W przeciwie\u0144stwie do czysto komercyjnych lub prywatnych wynajmuj\u0105cych inwestujemy nasz kapita\u0142 ca\u0142kowicie na korzy\u015b\u0107 Sp\u00f3\u0142dzielni. Zyski nie wyp\u0142ywaj\u0105, lecz s\u0105 ponownie inwestowane. Nasz wysoki wska\u017anik kapita\u0142u w\u0142asnego umo\u017cliwa nam przez to ponadprzeci\u0119tne utrzymanie naszych obiekt\u00f3w mieszkalnych.<\/p>\n<p>Nasze wyposa\u017cenie kapita\u0142owe umo\u017cliwia nam ponadto ci\u0105g\u0142y rozw\u00f3j odp\u0142atnych, ale korzystnych ofert dla naszych cz\u0142onk\u00f3w : mieszkania dla go\u015bci, punkt spotka\u0144 dla cz\u0142onk\u00f3w, r\u00f3\u017cnorodne us\u0142ugi, ale tak\u017ce nasza coroczna wycieczka dla cz\u0142onk\u00f3w to tylko kilka przyk\u0142ad\u00f3w.<\/p><\/div>\n<\/div><\/div><\/div><\/div><\/div><\/div>","protected":false},"excerpt":{"rendered":"<p>INWESTYCJE, US\u0141UGI I KOMFORT Ostatnie dwadzie\u015bcia lat GWG pokaza\u0142y, \u017ce wsp\u00f3lnotowy model biznesowy Sp\u00f3\u0142dzielni mo\u017ce by\u0107 bardzo skuteczny r\u00f3wnie\u017c w budownictwie mieszkaniowym. Wygospodarowane zyski nie &hellip;<\/p>\n","protected":false},"author":2,"featured_media":0,"parent":2660,"menu_order":40,"comment_status":"closed","ping_status":"closed","template":"","meta":{"footnotes":""},"class_list":["post-2681","page","type-page","status-publish","hentry"],"_links":{"self":[{"href":"https:\/\/www.gwg-guben.de\/pl\/wp-json\/wp\/v2\/pages\/2681","targetHints":{"allow":["GET"]}}],"collection":[{"href":"https:\/\/www.gwg-guben.de\/pl\/wp-json\/wp\/v2\/pages"}],"about":[{"href":"https:\/\/www.gwg-guben.de\/pl\/wp-json\/wp\/v2\/types\/page"}],"author":[{"embeddable":true,"href":"https:\/\/www.gwg-guben.de\/pl\/wp-json\/wp\/v2\/users\/2"}],"replies":[{"embeddable":true,"href":"https:\/\/www.gwg-guben.de\/pl\/wp-json\/wp\/v2\/comments?post=2681"}],"version-history":[{"count":5,"href":"https:\/\/www.gwg-guben.de\/pl\/wp-json\/wp\/v2\/pages\/2681\/revisions"}],"predecessor-version":[{"id":3003,"href":"https:\/\/www.gwg-guben.de\/pl\/wp-json\/wp\/v2\/pages\/2681\/revisions\/3003"}],"up":[{"embeddable":true,"href":"https:\/\/www.gwg-guben.de\/pl\/wp-json\/wp\/v2\/pages\/2660"}],"wp:attachment":[{"href":"https:\/\/www.gwg-guben.de\/pl\/wp-json\/wp\/v2\/media?parent=2681"}],"curies":[{"name":"wp","href":"https:\/\/api.w.org\/{rel}","templated":true}]}}