{"id":2684,"date":"2018-01-16T14:16:23","date_gmt":"2018-01-16T13:16:23","guid":{"rendered":"https:\/\/www.gwg-guben.de\/?page_id=2684"},"modified":"2024-02-23T11:15:00","modified_gmt":"2024-02-23T10:15:00","slug":"czlonkowstwo","status":"publish","type":"page","link":"https:\/\/www.gwg-guben.de\/pl\/przedsiebiorstwo\/czlonkowstwo\/","title":{"rendered":"CZ\u0141ONKOWSTWO"},"content":{"rendered":"<div id=\"pl-2684\"  class=\"panel-layout\" ><div id=\"pg-2684-0\"  class=\"panel-grid panel-has-style\" ><div class=\"panel-row-style panel-row-style-for-2684-0\" ><div id=\"pgc-2684-0-0\"  class=\"panel-grid-cell\" ><div id=\"panel-2684-0-0-0\" class=\"so-panel widget widget_sow-editor panel-first-child panel-last-child\" data-index=\"0\" ><div\n\t\t\t\n\t\t\tclass=\"so-widget-sow-editor so-widget-sow-editor-base\"\n\t\t\t\n\t\t>\n<div class=\"siteorigin-widget-tinymce textwidget\">\n\t<p><img loading=\"lazy\" decoding=\"async\" class=\"alignnone wp-image-1358 size-full\" src=\"https:\/\/www.gwg-guben.de\/\/s-content\/uploads\/2017\/05\/gwg_stimmkarte.jpg\" alt=\"\" width=\"684\" height=\"800\" srcset=\"https:\/\/www.gwg-guben.de\/s-content\/uploads\/2017\/05\/gwg_stimmkarte.jpg 684w, https:\/\/www.gwg-guben.de\/s-content\/uploads\/2017\/05\/gwg_stimmkarte-513x600.jpg 513w\" sizes=\"auto, (max-width: 684px) 100vw, 684px\" \/><\/p><\/div>\n<\/div><\/div><\/div><div id=\"pgc-2684-0-1\"  class=\"panel-grid-cell\" ><div id=\"panel-2684-0-1-0\" class=\"so-panel widget widget_sow-editor panel-first-child panel-last-child\" data-index=\"1\" ><div\n\t\t\t\n\t\t\tclass=\"so-widget-sow-editor so-widget-sow-editor-base\"\n\t\t\t\n\t\t>\n<div class=\"siteorigin-widget-tinymce textwidget\">\n\t<h2>DO\u0141\u0104CZCIE PA\u0143STWO DO NAS!<\/h2>\n<p>To jest ca\u0142kiem proste: Najpierw zostaj\u0105 Pa\u0144stwo cz\u0142onkiem Sp\u00f3\u0142dzielni. Nast\u0119pnie kupuj\u0105 Pa\u0144stwo odpowiedni\u0105 ilo\u015b\u0107 udzia\u0142\u00f3w, z kt\u00f3rymi nabywaj\u0105 Pa\u0144stwo prawo do wprowadzenia si\u0119 do wybranego mieszkania.<\/p>\n<p>Jak tylko zostan\u0105 Pa\u0144stwo cz\u0142onkiem Sp\u00f3\u0142dzielni i wprowadz\u0105 si\u0119 do mieszkania, przys\u0142uguje Pa\u0144stwu do\u017cywotnie prawo do zaopatrzenia w lokal mieszkalny. Z Pa\u0144skim prawem g\u0142osu mog\u0105 Pa\u0144stwo aktywnie przyczynia\u0107 si\u0119 do rozwoju Sp\u00f3\u0142dzielni. Jako dodatkowe wa\u017cne dla Pa\u0144stwa organy funkcjonuj\u0105 Rada Nadzorcza i Zebranie Przedstawicieli (Vertreterversammlung), ale r\u00f3wnie\u017c i Pa\u0144stwo mog\u0105 zosta\u0107 przedstawicielk\u0105 lub przedstawicielem cz\u0142onk\u00f3w! Co 5 lat odbywaj\u0105 si\u0119 wybory cz\u0142onk\u00f3w Zebrania Przedstawicieli. Spo\u015br\u00f3d cz\u0142onk\u00f3w Zebrania Przedstawicieli powo\u0142ywana jest Rada Nadzorcza.<\/p>\n<p>Informacje o aktualnie wolnostoj\u0105cych mieszkaniach do po\u015brednictwa zobacz\u0105 Pa\u0144stwo na kolorowych wywieszkach na drzwi.<\/p>\n<\/div>\n<\/div><\/div><\/div><\/div><\/div><div id=\"pg-2684-1\"  class=\"panel-grid panel-has-style\" ><div class=\"panel-row-style panel-row-style-for-2684-1\" ><div id=\"pgc-2684-1-0\"  class=\"panel-grid-cell\" ><div id=\"panel-2684-1-0-0\" class=\"so-panel widget widget_sow-editor panel-first-child panel-last-child\" data-index=\"2\" ><div\n\t\t\t\n\t\t\tclass=\"so-widget-sow-editor so-widget-sow-editor-base\"\n\t\t\t\n\t\t>\n<div class=\"siteorigin-widget-tinymce textwidget\">\n\t<h2>SP\u00d3\u0141DZIELNIA DLA POKOLE\u0143<\/h2>\n<p>W dzisiejszych czasach cz\u0119sto u\u017cywany jest termin ,,dom wielopokoleniowy\u201d. Nie d\u0105\u017c\u0105c do tego celowo, zasiedlenie naszych obiekt\u00f3w samo z siebie tak dobrze si\u0119 zmiesza\u0142o, \u017ce mo\u017cemy z ca\u0142\u0105 pewno\u015bci\u0105 m\u00f3wi\u0107 o ,, Sp\u00f3\u0142dzielni dla pokole\u0144\u201d. M\u0142odsi &amp; starsi w jednym domu - to jest korzy\u015b\u0107 dla wszystkich.<\/p>\n<p>Oczywi\u015bcie : Ci, kt\u00f3rzy dzisiaj zaliczaj\u0105 si\u0119 jeszcze do tych ,,najmniejszych\u201d, wkr\u00f3tce si\u0119 usamodzielni\u0105 i p\u00f3jd\u0105 w \u015bwiat, ale ich rodzicie, babcie i dziadkowie zostan\u0105 w mie\u015bcie i dochowaj\u0105 wierno\u015bci Sp\u00f3\u0142dzielni. Nowi cz\u0142onkowie wprowadz\u0105 si\u0119 i tym samym niekt\u00f3rzy seniorzy i seniorki stan\u0105 si\u0119 nagle ,,drug\u0105 babci\u0105\u201d lub ,,drugim dziadkiem\u201d. Cieszymy si\u0119 z tego bardzo. Nasz punkt spotka\u0144 dla cz\u0142onk\u00f3w i coroczny festyn dla dzieci wspieraj\u0105 t\u0119 koegzystencj\u0119. Najlepiej zajd\u017acie Pa\u0144stwo do nas i przyjrzyjcie si\u0119 wszystkiemu na miejscu. Do zobaczenia wkr\u00f3tce!<\/p>\n<\/div>\n<\/div><\/div><\/div><div id=\"pgc-2684-1-1\"  class=\"panel-grid-cell\" ><div id=\"panel-2684-1-1-0\" class=\"so-panel widget widget_sow-editor panel-first-child panel-last-child\" data-index=\"3\" ><div\n\t\t\t\n\t\t\tclass=\"so-widget-sow-editor so-widget-sow-editor-base\"\n\t\t\t\n\t\t>\n<div class=\"siteorigin-widget-tinymce textwidget\">\n\t<p><img loading=\"lazy\" decoding=\"async\" class=\"alignnone wp-image-628 size-medium\" src=\"https:\/\/www.gwg-guben.de\/s-content\/uploads\/2017\/05\/GWG_120Jahre_09_2015_102_web2-1-571x600.jpg\" alt=\"\" width=\"571\" height=\"600\" srcset=\"https:\/\/www.gwg-guben.de\/s-content\/uploads\/2017\/05\/GWG_120Jahre_09_2015_102_web2-1-571x600.jpg 571w, https:\/\/www.gwg-guben.de\/s-content\/uploads\/2017\/05\/GWG_120Jahre_09_2015_102_web2-1-768x806.jpg 768w, https:\/\/www.gwg-guben.de\/s-content\/uploads\/2017\/05\/GWG_120Jahre_09_2015_102_web2-1.jpg 1000w\" sizes=\"auto, (max-width: 571px) 100vw, 571px\" \/><\/p><\/div>\n<\/div><\/div><\/div><\/div><\/div><\/div>","protected":false},"excerpt":{"rendered":"<p>DO\u0141\u0104CZCIE PA\u0143STWO DO NAS! To jest ca\u0142kiem proste: Najpierw zostaj\u0105 Pa\u0144stwo cz\u0142onkiem Sp\u00f3\u0142dzielni. Nast\u0119pnie kupuj\u0105 Pa\u0144stwo odpowiedni\u0105 ilo\u015b\u0107 udzia\u0142\u00f3w, z kt\u00f3rymi nabywaj\u0105 Pa\u0144stwo prawo do &hellip;<\/p>\n","protected":false},"author":2,"featured_media":0,"parent":2660,"menu_order":50,"comment_status":"closed","ping_status":"closed","template":"","meta":{"footnotes":""},"class_list":["post-2684","page","type-page","status-publish","hentry"],"_links":{"self":[{"href":"https:\/\/www.gwg-guben.de\/pl\/wp-json\/wp\/v2\/pages\/2684","targetHints":{"allow":["GET"]}}],"collection":[{"href":"https:\/\/www.gwg-guben.de\/pl\/wp-json\/wp\/v2\/pages"}],"about":[{"href":"https:\/\/www.gwg-guben.de\/pl\/wp-json\/wp\/v2\/types\/page"}],"author":[{"embeddable":true,"href":"https:\/\/www.gwg-guben.de\/pl\/wp-json\/wp\/v2\/users\/2"}],"replies":[{"embeddable":true,"href":"https:\/\/www.gwg-guben.de\/pl\/wp-json\/wp\/v2\/comments?post=2684"}],"version-history":[{"count":5,"href":"https:\/\/www.gwg-guben.de\/pl\/wp-json\/wp\/v2\/pages\/2684\/revisions"}],"predecessor-version":[{"id":7919,"href":"https:\/\/www.gwg-guben.de\/pl\/wp-json\/wp\/v2\/pages\/2684\/revisions\/7919"}],"up":[{"embeddable":true,"href":"https:\/\/www.gwg-guben.de\/pl\/wp-json\/wp\/v2\/pages\/2660"}],"wp:attachment":[{"href":"https:\/\/www.gwg-guben.de\/pl\/wp-json\/wp\/v2\/media?parent=2684"}],"curies":[{"name":"wp","href":"https:\/\/api.w.org\/{rel}","templated":true}]}}