{"id":2687,"date":"2018-01-16T14:17:59","date_gmt":"2018-01-16T13:17:59","guid":{"rendered":"https:\/\/www.gwg-guben.de\/?page_id=2687"},"modified":"2024-02-26T14:38:22","modified_gmt":"2024-02-26T13:38:22","slug":"organy","status":"publish","type":"page","link":"https:\/\/www.gwg-guben.de\/pl\/przedsiebiorstwo\/organy\/","title":{"rendered":"Organy"},"content":{"rendered":"<div id=\"pl-2687\"  class=\"panel-layout\" ><div id=\"pg-2687-0\"  class=\"panel-grid panel-has-style\" ><div class=\"panel-row-style panel-row-style-for-2687-0\" ><div id=\"pgc-2687-0-0\"  class=\"panel-grid-cell\" ><div id=\"panel-2687-0-0-0\" class=\"so-panel widget widget_sow-editor panel-first-child panel-last-child\" data-index=\"0\" ><div\n\t\t\t\n\t\t\tclass=\"so-widget-sow-editor so-widget-sow-editor-base\"\n\t\t\t\n\t\t>\n<div class=\"siteorigin-widget-tinymce textwidget\">\n\t<h2>ORGANIZACJA DEMOKRATYCZNA<\/h2>\n<p>Sp\u00f3\u0142dzielnie s\u0105 zorganizowane podobnie jak inne przedsi\u0119biorstwa gospodarcze. Co najmniej raz w roku odbywa si\u0119 Zebranie Przedstawicieli, w kt\u00f3rym podejmowane s\u0105 decyzje odno\u015bnie zasad polityki gospodarczej.<\/p>\n<p><strong>Przedstawiciele<\/strong><\/p>\n<p>Przedstawiciele s\u0105 wybranymi cz\u0142onkami Sp\u00f3\u0142dzielni, kt\u00f3rzy dzi\u0119ki honorowej wsp\u00f3\u0142pracy bezpo\u015brednio posiadaj\u0105 prawo g\u0142osu oraz prawo do wsp\u00f3\u0142decydowania .<\/p>\n<p><strong>Rada Nadzorcza<\/strong><\/p>\n<div class=\"accord accordion\">\n<div>\n<p>Rada Nadzorcza ma za zadanie wspiera\u0107 Zarz\u0105d w swoich dzia\u0142aniach, doradza\u0107 mu i sprawowa\u0107 nad nim nadz\u00f3r. Reprezentuje on Sp\u00f3\u0142dzielnie wobec Zarz\u0105du i informuje Przedstawicieli o jego dzia\u0142alno\u015bci na corocznym Zebraniu Przedstawicieli. Rada Nadzorcza naszej Sp\u00f3\u0142dzielni sk\u0142ada si\u0119 obecnie z nast\u0119puj\u0105cych cz\u0142onk\u00f3w: Reinhard Mensch (Przewodnicz\u0105cy Rady Nadzorczej), Steffi Jantschke, Syka Gollasch, Bernd Tornow, Bernd H\u00e4nsel und Horst Mischke.<\/p>\n<p><strong>Zarz\u0105d<\/strong><\/p>\n<div class=\"accord accordion\">\n<div>\n<p>Zarz\u0105d kieruje Sp\u00f3\u0142dzielni\u0105 na w\u0142asn\u0105 odpowiedzialno\u015b\u0107 i musi przestrzega\u0107 zasad pokrycia koszt\u00f3w, gospodarno\u015bci oraz wydajno\u015bci Sp\u00f3\u0142dzielni w ramach w\u0142a\u015bciwego zarz\u0105dzania. Zgodnie ze statutem reprezentuje on Sp\u00f3\u0142dzielni\u0119 s\u0105downie i pozas\u0105downie. Zarz\u0105d ma obowi\u0105zek sk\u0142ada\u0107 na \u017c\u0105danie Radzie Nadzorczej sprawozdanie ze swojej dzia\u0142alno\u015bci i spraw Sp\u00f3\u0142dzielni, jak r\u00f3wnie\u017c udziela\u0107 informacji.<\/p>\n<p>Cz\u0142onkami s\u0105: Thomas Gerstmeier i Christian Dinger<\/p>\n<\/div>\n<\/div>\n<\/div>\n<\/div>\n<div class=\"accord accordion\"><\/div>\n<\/div>\n<\/div><\/div><\/div><div id=\"pgc-2687-0-1\"  class=\"panel-grid-cell\" ><div id=\"panel-2687-0-1-0\" class=\"so-panel widget widget_sow-editor panel-first-child panel-last-child\" data-index=\"1\" ><div\n\t\t\t\n\t\t\tclass=\"so-widget-sow-editor so-widget-sow-editor-base\"\n\t\t\t\n\t\t>\n<div class=\"siteorigin-widget-tinymce textwidget\">\n\t<p><img loading=\"lazy\" decoding=\"async\" class=\"alignnone wp-image-468 size-medium\" src=\"https:\/\/www.gwg-guben.de\/s-content\/uploads\/2017\/06\/DSC_7111_web-600x400.jpg\" alt=\"\" width=\"600\" height=\"400\" srcset=\"https:\/\/www.gwg-guben.de\/s-content\/uploads\/2017\/06\/DSC_7111_web-600x400.jpg 600w, https:\/\/www.gwg-guben.de\/s-content\/uploads\/2017\/06\/DSC_7111_web-768x512.jpg 768w, https:\/\/www.gwg-guben.de\/s-content\/uploads\/2017\/06\/DSC_7111_web-1200x800.jpg 1200w, https:\/\/www.gwg-guben.de\/s-content\/uploads\/2017\/06\/DSC_7111_web-840x560.jpg 840w, https:\/\/www.gwg-guben.de\/s-content\/uploads\/2017\/06\/DSC_7111_web-540x360.jpg 540w, https:\/\/www.gwg-guben.de\/s-content\/uploads\/2017\/06\/DSC_7111_web.jpg 1500w\" sizes=\"auto, (max-width: 600px) 100vw, 600px\" \/><\/p>\n<p><img loading=\"lazy\" decoding=\"async\" class=\"alignnone wp-image-2893 size-full\" src=\"https:\/\/www.gwg-guben.de\/s-content\/uploads\/2018\/01\/gwg_grafik_vorstand_pl.jpg\" alt=\"\" width=\"600\" height=\"500\" \/><\/p><\/div>\n<\/div><\/div><\/div><\/div><\/div><div id=\"pg-2687-1\"  class=\"panel-grid panel-has-style\" ><div class=\"panel-row-style panel-row-style-for-2687-1\" ><div id=\"pgc-2687-1-0\"  class=\"panel-grid-cell panel-grid-cell-empty panel-grid-cell-mobile-last\" ><\/div><div id=\"pgc-2687-1-1\"  class=\"panel-grid-cell panel-grid-cell-empty\" ><\/div><\/div><\/div><\/div>","protected":false},"excerpt":{"rendered":"<p>ORGANIZACJA DEMOKRATYCZNA Sp\u00f3\u0142dzielnie s\u0105 zorganizowane podobnie jak inne przedsi\u0119biorstwa gospodarcze. Co najmniej raz w roku odbywa si\u0119 Zebranie Przedstawicieli, w kt\u00f3rym podejmowane s\u0105 decyzje odno\u015bnie &hellip;<\/p>\n","protected":false},"author":2,"featured_media":0,"parent":2660,"menu_order":0,"comment_status":"closed","ping_status":"closed","template":"","meta":{"footnotes":""},"class_list":["post-2687","page","type-page","status-publish","hentry"],"_links":{"self":[{"href":"https:\/\/www.gwg-guben.de\/pl\/wp-json\/wp\/v2\/pages\/2687","targetHints":{"allow":["GET"]}}],"collection":[{"href":"https:\/\/www.gwg-guben.de\/pl\/wp-json\/wp\/v2\/pages"}],"about":[{"href":"https:\/\/www.gwg-guben.de\/pl\/wp-json\/wp\/v2\/types\/page"}],"author":[{"embeddable":true,"href":"https:\/\/www.gwg-guben.de\/pl\/wp-json\/wp\/v2\/users\/2"}],"replies":[{"embeddable":true,"href":"https:\/\/www.gwg-guben.de\/pl\/wp-json\/wp\/v2\/comments?post=2687"}],"version-history":[{"count":6,"href":"https:\/\/www.gwg-guben.de\/pl\/wp-json\/wp\/v2\/pages\/2687\/revisions"}],"predecessor-version":[{"id":7924,"href":"https:\/\/www.gwg-guben.de\/pl\/wp-json\/wp\/v2\/pages\/2687\/revisions\/7924"}],"up":[{"embeddable":true,"href":"https:\/\/www.gwg-guben.de\/pl\/wp-json\/wp\/v2\/pages\/2660"}],"wp:attachment":[{"href":"https:\/\/www.gwg-guben.de\/pl\/wp-json\/wp\/v2\/media?parent=2687"}],"curies":[{"name":"wp","href":"https:\/\/api.w.org\/{rel}","templated":true}]}}