{"id":2693,"date":"2018-01-16T14:22:50","date_gmt":"2018-01-16T13:22:50","guid":{"rendered":"https:\/\/www.gwg-guben.de\/?page_id=2693"},"modified":"2024-03-01T14:34:28","modified_gmt":"2024-03-01T13:34:28","slug":"aktualnosci","status":"publish","type":"page","link":"https:\/\/www.gwg-guben.de\/pl\/aktualnosci\/","title":{"rendered":"AKTUALNO\u015aCI"},"content":{"rendered":"<div id=\"pl-2693\"  class=\"panel-layout\" ><div id=\"pg-2693-0\"  class=\"panel-grid panel-has-style\" ><div class=\"grayColorRow siteorigin-panels-stretch panel-row-style panel-row-style-for-2693-0\" data-stretch-type=\"full\" ><div id=\"pgc-2693-0-0\"  class=\"panel-grid-cell\" ><div id=\"panel-2693-0-0-0\" class=\"so-panel widget widget_sow-editor panel-first-child panel-last-child\" data-index=\"0\" ><div\n\t\t\t\n\t\t\tclass=\"so-widget-sow-editor so-widget-sow-editor-base\"\n\t\t\t\n\t\t>\n<div class=\"siteorigin-widget-tinymce textwidget\">\n\t<h2>WIADOMO\u015aCI DLA WSZYSTKICH MIESZKA\u0143C\u00d3W GUBEN<\/h2>\n<p>Dwa razy w roku wysy\u0142amy do domu naszym cz\u0142onkom i wszystkim mieszka\u0144com Guben nasze czasopismo dla cz\u0142onk\u00f3w. Mo\u017cemy w nim informowa\u0107 Pa\u0144stwa o wa\u017cnych tematach dotycz\u0105cych Sp\u00f3\u0142dzielni, takich jak wyniki obrad Zebrania Przedstawicieli. Oczywi\u015bcie zawsze znajdzie si\u0119 w nim tak\u017ce troch\u0119 rozrywki! <strong>\u00a0\u00a0\u00a0\u00a0\u00a0\u00a0\u00a0<\/strong><em><strong>\u00a0\u00a0\u00a0\u00a0\u00a0 <\/strong><\/em><\/p>\n<p><a class=\"btn btn-primary\" href=\"https:\/\/www.gwg-guben.de\/pl\/aktualnosci\/magazyn-dla-czlonkow\/\">DOWIEDZ SI\u0118 WI\u0118CEJ<\/a><\/p>\n<\/div>\n<\/div><\/div><\/div><div id=\"pgc-2693-0-1\"  class=\"panel-grid-cell\" ><div id=\"panel-2693-0-1-0\" class=\"so-panel widget widget_sow-editor panel-first-child panel-last-child\" data-index=\"1\" ><div\n\t\t\t\n\t\t\tclass=\"so-widget-sow-editor so-widget-sow-editor-base\"\n\t\t\t\n\t\t>\n<div class=\"siteorigin-widget-tinymce textwidget\">\n\t<p><img loading=\"lazy\" decoding=\"async\" class=\"alignnone wp-image-1415 size-medium\" src=\"https:\/\/www.gwg-guben.de\/\/s-content\/uploads\/2017\/05\/mietermagazin-600x400.jpg\" alt=\"\" width=\"600\" height=\"400\" srcset=\"https:\/\/www.gwg-guben.de\/s-content\/uploads\/2017\/05\/mietermagazin-600x400.jpg 600w, https:\/\/www.gwg-guben.de\/s-content\/uploads\/2017\/05\/mietermagazin-768x512.jpg 768w, https:\/\/www.gwg-guben.de\/s-content\/uploads\/2017\/05\/mietermagazin-1200x800.jpg 1200w, https:\/\/www.gwg-guben.de\/s-content\/uploads\/2017\/05\/mietermagazin-840x560.jpg 840w, https:\/\/www.gwg-guben.de\/s-content\/uploads\/2017\/05\/mietermagazin-540x360.jpg 540w, https:\/\/www.gwg-guben.de\/s-content\/uploads\/2017\/05\/mietermagazin.jpg 1500w\" sizes=\"auto, (max-width: 600px) 100vw, 600px\" \/><\/p>\n<\/div>\n<\/div><\/div><\/div><\/div><\/div><div id=\"pg-2693-1\"  class=\"panel-grid panel-has-style\" ><div class=\"panel-row-style panel-row-style-for-2693-1\" ><div id=\"pgc-2693-1-0\"  class=\"panel-grid-cell\" ><div id=\"panel-2693-1-0-0\" class=\"so-panel widget widget_sow-editor panel-first-child panel-last-child\" data-index=\"2\" ><div\n\t\t\t\n\t\t\tclass=\"so-widget-sow-editor so-widget-sow-editor-base\"\n\t\t\t\n\t\t>\n<div class=\"siteorigin-widget-tinymce textwidget\">\n\t<p><img loading=\"lazy\" decoding=\"async\" class=\"alignnone wp-image-1276 size-medium\" src=\"https:\/\/www.gwg-guben.de\/\/s-content\/uploads\/2017\/05\/DSC_7068_1_web-600x400.jpg\" alt=\"\" width=\"600\" height=\"400\" srcset=\"https:\/\/www.gwg-guben.de\/s-content\/uploads\/2017\/05\/DSC_7068_1_web-600x400.jpg 600w, https:\/\/www.gwg-guben.de\/s-content\/uploads\/2017\/05\/DSC_7068_1_web-768x512.jpg 768w, https:\/\/www.gwg-guben.de\/s-content\/uploads\/2017\/05\/DSC_7068_1_web-1200x800.jpg 1200w, https:\/\/www.gwg-guben.de\/s-content\/uploads\/2017\/05\/DSC_7068_1_web-840x560.jpg 840w, https:\/\/www.gwg-guben.de\/s-content\/uploads\/2017\/05\/DSC_7068_1_web-540x360.jpg 540w, https:\/\/www.gwg-guben.de\/s-content\/uploads\/2017\/05\/DSC_7068_1_web.jpg 1500w\" sizes=\"auto, (max-width: 600px) 100vw, 600px\" \/><\/p>\n<\/div>\n<\/div><\/div><\/div><div id=\"pgc-2693-1-1\"  class=\"panel-grid-cell\" ><div id=\"panel-2693-1-1-0\" class=\"so-panel widget widget_sow-editor panel-first-child panel-last-child\" data-index=\"3\" ><div\n\t\t\t\n\t\t\tclass=\"so-widget-sow-editor so-widget-sow-editor-base\"\n\t\t\t\n\t\t>\n<div class=\"siteorigin-widget-tinymce textwidget\">\n\t<h2>WYDARZENIA<\/h2>\n<p><a class=\"btn btn-primary\" href=\"https:\/\/www.gwg-guben.de\/pl\/wydarzenia\/\">DOWIEDZ SI\u0118 WI\u0118CEJ<\/a><\/p>\n<\/div>\n<\/div><\/div><\/div><\/div><\/div><div id=\"pg-2693-2\"  class=\"panel-grid panel-no-style\" ><div id=\"pgc-2693-2-0\"  class=\"panel-grid-cell\" ><div id=\"panel-2693-2-0-0\" class=\"so-panel widget widget_sow-editor panel-first-child panel-last-child\" data-index=\"4\" ><div\n\t\t\t\n\t\t\tclass=\"so-widget-sow-editor so-widget-sow-editor-base\"\n\t\t\t\n\t\t>\n<div class=\"siteorigin-widget-tinymce textwidget\">\n\t<hr>\n<p>&nbsp;<\/p>\n<\/div>\n<\/div><\/div><\/div><\/div><div id=\"pg-2693-3\"  class=\"panel-grid panel-has-style\" ><div class=\"panel-row-style panel-row-style-for-2693-3\" ><div id=\"pgc-2693-3-0\"  class=\"panel-grid-cell\" ><div id=\"panel-2693-3-0-0\" class=\"so-panel widget widget_sow-editor panel-first-child panel-last-child\" data-index=\"5\" ><div\n\t\t\t\n\t\t\tclass=\"so-widget-sow-editor so-widget-sow-editor-base\"\n\t\t\t\n\t\t>\n<div class=\"siteorigin-widget-tinymce textwidget\">\n\t<p><a href=\"https:\/\/www.gwg-guben.de\/pl\/mieszkanie-wohnen\/pytania-odpowiedzi\/\"><img loading=\"lazy\" decoding=\"async\" class=\"wp-image-2878 size-full aligncenter\" src=\"https:\/\/www.gwg-guben.de\/s-content\/uploads\/2018\/01\/spielen_pl.jpg\" alt=\"\" width=\"559\" height=\"287\" \/><\/a><\/p>\n<\/div>\n<\/div><\/div><\/div><\/div><\/div><\/div>","protected":false},"excerpt":{"rendered":"<p>WIADOMO\u015aCI DLA WSZYSTKICH MIESZKA\u0143C\u00d3W GUBEN Dwa razy w roku wysy\u0142amy do domu naszym cz\u0142onkom i wszystkim mieszka\u0144com Guben nasze czasopismo dla cz\u0142onk\u00f3w. Mo\u017cemy w nim &hellip;<\/p>\n","protected":false},"author":2,"featured_media":0,"parent":0,"menu_order":50,"comment_status":"closed","ping_status":"closed","template":"","meta":{"footnotes":""},"class_list":["post-2693","page","type-page","status-publish","hentry"],"_links":{"self":[{"href":"https:\/\/www.gwg-guben.de\/pl\/wp-json\/wp\/v2\/pages\/2693","targetHints":{"allow":["GET"]}}],"collection":[{"href":"https:\/\/www.gwg-guben.de\/pl\/wp-json\/wp\/v2\/pages"}],"about":[{"href":"https:\/\/www.gwg-guben.de\/pl\/wp-json\/wp\/v2\/types\/page"}],"author":[{"embeddable":true,"href":"https:\/\/www.gwg-guben.de\/pl\/wp-json\/wp\/v2\/users\/2"}],"replies":[{"embeddable":true,"href":"https:\/\/www.gwg-guben.de\/pl\/wp-json\/wp\/v2\/comments?post=2693"}],"version-history":[{"count":6,"href":"https:\/\/www.gwg-guben.de\/pl\/wp-json\/wp\/v2\/pages\/2693\/revisions"}],"predecessor-version":[{"id":7962,"href":"https:\/\/www.gwg-guben.de\/pl\/wp-json\/wp\/v2\/pages\/2693\/revisions\/7962"}],"wp:attachment":[{"href":"https:\/\/www.gwg-guben.de\/pl\/wp-json\/wp\/v2\/media?parent=2693"}],"curies":[{"name":"wp","href":"https:\/\/api.w.org\/{rel}","templated":true}]}}