{"id":2722,"date":"2018-01-17T12:09:49","date_gmt":"2018-01-17T11:09:49","guid":{"rendered":"https:\/\/www.gwg-guben.de\/?page_id=2722"},"modified":"2025-05-13T11:30:30","modified_gmt":"2025-05-13T09:30:30","slug":"kontakt","status":"publish","type":"page","link":"https:\/\/www.gwg-guben.de\/pl\/kontakt\/","title":{"rendered":"Kontakt"},"content":{"rendered":"<div id=\"pl-2722\"  class=\"panel-layout\" ><div id=\"pg-2722-0\"  class=\"panel-grid panel-has-style\" ><div class=\"panel-row-style panel-row-style-for-2722-0\" ><div id=\"pgc-2722-0-0\"  class=\"panel-grid-cell\" ><div id=\"panel-2722-0-0-0\" class=\"so-panel widget widget_sow-editor panel-first-child panel-last-child\" data-index=\"0\" ><div\n\t\t\t\n\t\t\tclass=\"so-widget-sow-editor so-widget-sow-editor-base\"\n\t\t\t\n\t\t>\n<div class=\"siteorigin-widget-tinymce textwidget\">\n\t<p><img loading=\"lazy\" decoding=\"async\" class=\"alignnone wp-image-1381 size-medium\" src=\"https:\/\/www.gwg-guben.de\/\/s-content\/uploads\/2017\/05\/Depositphotos_67430103_original_web-600x400.jpg\" alt=\"\" width=\"600\" height=\"400\" srcset=\"https:\/\/www.gwg-guben.de\/s-content\/uploads\/2017\/05\/Depositphotos_67430103_original_web-600x400.jpg 600w, https:\/\/www.gwg-guben.de\/s-content\/uploads\/2017\/05\/Depositphotos_67430103_original_web-768x512.jpg 768w, https:\/\/www.gwg-guben.de\/s-content\/uploads\/2017\/05\/Depositphotos_67430103_original_web-1200x800.jpg 1200w, https:\/\/www.gwg-guben.de\/s-content\/uploads\/2017\/05\/Depositphotos_67430103_original_web-840x560.jpg 840w, https:\/\/www.gwg-guben.de\/s-content\/uploads\/2017\/05\/Depositphotos_67430103_original_web-540x360.jpg 540w, https:\/\/www.gwg-guben.de\/s-content\/uploads\/2017\/05\/Depositphotos_67430103_original_web.jpg 1500w\" sizes=\"auto, (max-width: 600px) 100vw, 600px\" \/><\/p><\/div>\n<\/div><\/div><\/div><div id=\"pgc-2722-0-1\"  class=\"panel-grid-cell\" ><div id=\"panel-2722-0-1-0\" class=\"so-panel widget widget_sow-editor panel-first-child panel-last-child\" data-index=\"1\" ><div class=\"panel-widget-style panel-widget-style-for-2722-0-1-0\" ><div\n\t\t\t\n\t\t\tclass=\"so-widget-sow-editor so-widget-sow-editor-base\"\n\t\t\t\n\t\t>\n<div class=\"siteorigin-widget-tinymce textwidget\">\n\t<h2>POMOC NA MIEJSCU<\/h2>\n<p>W czym tkwi problem? Drzwi si\u0119 nie zamykaj\u0105? Potrzebuj\u0105 Pa\u0144stwo pomocy technicznej? Nasi dozorcy s\u0105 Pa\u0144stwa pierwszymi osobami do kontaktu na miejscu. Oni od lat znaj\u0105 poszczeg\u00f3lne obiekty i mog\u0105 Pa\u0144stwa szybko wesprze\u0107 s\u0142owem i czynem. Naszymi kompleksami mieszkalnymi opiekuj\u0105 si\u0119 Pan Sonsalla, Hannaske, Brochlos i Steinberg.<\/p>\n<p><a class=\"btn btn-primary\" href=\"https:\/\/www.gwg-guben.de\/pl\/kontakt\/naprawa-reparatur\/\">DOWIEDZ SI\u0118 WI\u0118CEJ<\/a><\/p>\n<\/div>\n<\/div><\/div><\/div><\/div><\/div><\/div><div id=\"pg-2722-1\"  class=\"panel-grid panel-has-style\" ><div class=\"grayColorRow siteorigin-panels-stretch panel-row-style panel-row-style-for-2722-1\" data-stretch-type=\"full\" ><div id=\"pgc-2722-1-0\"  class=\"panel-grid-cell\" ><div id=\"panel-2722-1-0-0\" class=\"so-panel widget widget_sow-editor panel-first-child panel-last-child\" data-index=\"2\" ><div class=\"panel-widget-style panel-widget-style-for-2722-1-0-0\" ><div\n\t\t\t\n\t\t\tclass=\"so-widget-sow-editor so-widget-sow-editor-base\"\n\t\t\t\n\t\t>\n<div class=\"siteorigin-widget-tinymce textwidget\">\n\t<h2>JESTE\u015aMY DO PA\u0143STWA DYSPOZYCJI!<\/h2>\n<p>Nazwiska i dane kontaktowe naszych pracownik\u00f3w, a tak\u017ce poszczeg\u00f3ln\u0105 pozycj\u0119 oraz dzia\u0142alno\u015b\u0107 w GWG znajd\u0105 Pa\u0144stwo tutaj.<\/p>\n<p><a class=\"btn btn-primary\" href=\"https:\/\/www.gwg-guben.de\/pl\/kontakt\/osoba-do-kontaktu\/\">DOWIEDZ SI\u0118 WI\u0118CEJ O OSOBACH KONTAKTOWYCH<\/a><\/p>\n<\/div>\n<\/div><\/div><\/div><\/div><div id=\"pgc-2722-1-1\"  class=\"panel-grid-cell\" ><div id=\"panel-2722-1-1-0\" class=\"so-panel widget widget_sow-editor panel-first-child panel-last-child\" data-index=\"3\" ><div\n\t\t\t\n\t\t\tclass=\"so-widget-sow-editor so-widget-sow-editor-base\"\n\t\t\t\n\t\t>\n<div class=\"siteorigin-widget-tinymce textwidget\">\n\t<p><img loading=\"lazy\" decoding=\"async\" class=\"alignnone wp-image-1389 size-medium\" src=\"https:\/\/www.gwg-guben.de\/\/s-content\/uploads\/2017\/05\/Depositphotos_25108621_original_web-1-600x400.jpg\" alt=\"\" width=\"600\" height=\"400\" srcset=\"https:\/\/www.gwg-guben.de\/s-content\/uploads\/2017\/05\/Depositphotos_25108621_original_web-1-600x400.jpg 600w, https:\/\/www.gwg-guben.de\/s-content\/uploads\/2017\/05\/Depositphotos_25108621_original_web-1-768x512.jpg 768w, https:\/\/www.gwg-guben.de\/s-content\/uploads\/2017\/05\/Depositphotos_25108621_original_web-1-1200x800.jpg 1200w, https:\/\/www.gwg-guben.de\/s-content\/uploads\/2017\/05\/Depositphotos_25108621_original_web-1-840x560.jpg 840w, https:\/\/www.gwg-guben.de\/s-content\/uploads\/2017\/05\/Depositphotos_25108621_original_web-1-540x360.jpg 540w, https:\/\/www.gwg-guben.de\/s-content\/uploads\/2017\/05\/Depositphotos_25108621_original_web-1.jpg 1500w\" sizes=\"auto, (max-width: 600px) 100vw, 600px\" \/><\/p><\/div>\n<\/div><\/div><\/div><\/div><\/div><div id=\"pg-2722-2\"  class=\"panel-grid panel-has-style\" ><div class=\"panel-row-style panel-row-style-for-2722-2\" ><div id=\"pgc-2722-2-0\"  class=\"panel-grid-cell\" ><div id=\"panel-2722-2-0-0\" class=\"so-panel widget widget_sow-editor panel-first-child panel-last-child\" data-index=\"4\" ><div\n\t\t\t\n\t\t\tclass=\"so-widget-sow-editor so-widget-sow-editor-base\"\n\t\t\t\n\t\t>\n<div class=\"siteorigin-widget-tinymce textwidget\">\n\t<p><img loading=\"lazy\" decoding=\"async\" class=\"alignnone wp-image-1394 size-medium\" src=\"https:\/\/www.gwg-guben.de\/\/s-content\/uploads\/2017\/05\/Depositphotos_12130965_original_web-600x399.jpg\" alt=\"\" width=\"600\" height=\"399\" srcset=\"https:\/\/www.gwg-guben.de\/s-content\/uploads\/2017\/05\/Depositphotos_12130965_original_web-600x399.jpg 600w, https:\/\/www.gwg-guben.de\/s-content\/uploads\/2017\/05\/Depositphotos_12130965_original_web-768x511.jpg 768w, https:\/\/www.gwg-guben.de\/s-content\/uploads\/2017\/05\/Depositphotos_12130965_original_web-1200x798.jpg 1200w, https:\/\/www.gwg-guben.de\/s-content\/uploads\/2017\/05\/Depositphotos_12130965_original_web-840x560.jpg 840w, https:\/\/www.gwg-guben.de\/s-content\/uploads\/2017\/05\/Depositphotos_12130965_original_web-540x360.jpg 540w, https:\/\/www.gwg-guben.de\/s-content\/uploads\/2017\/05\/Depositphotos_12130965_original_web.jpg 1920w\" sizes=\"auto, (max-width: 600px) 100vw, 600px\" \/><\/p><\/div>\n<\/div><\/div><\/div><div id=\"pgc-2722-2-1\"  class=\"panel-grid-cell\" ><div id=\"panel-2722-2-1-0\" class=\"so-panel widget widget_sow-editor panel-first-child panel-last-child\" data-index=\"5\" ><div\n\t\t\t\n\t\t\tclass=\"so-widget-sow-editor so-widget-sow-editor-base\"\n\t\t\t\n\t\t>\n<div class=\"siteorigin-widget-tinymce textwidget\">\n\t<h2>ZAWSZE OSI\u0104GALNI<\/h2>\n<p>W przypadku awarii potrzebna jest pomoc, ale jest ju\u017c po godzinach pracy lub co\u015b niespodziewanego zdarza si\u0119 \u00a0akurat w dniu, w kt\u00f3rym jest \u015bwi\u0119to. Nie martw si\u0119! Nasza sp\u00f3\u0142ka c\u00f3rka, BIS GmbH, jest do Pa\u0144stwa dyspozycji r\u00f3wnie\u017c w tych niestety ,,niemo\u017cliwych\u201d godzinach.<\/p>\n<p><a class=\"btn btn-primary\" href=\"https:\/\/www.gwg-guben.de\/pl\/kontakt\/dyzur-awaryjny\/\">DOWIEDZ SI\u0118 WI\u0118CEJ<\/a><\/p>\n<\/div>\n<\/div><\/div><\/div><\/div><\/div><div id=\"pg-2722-3\"  class=\"panel-grid panel-has-style\" ><div class=\"grayColorRow siteorigin-panels-stretch panel-row-style panel-row-style-for-2722-3\" data-stretch-type=\"full\" ><div id=\"pgc-2722-3-0\"  class=\"panel-grid-cell\" ><div id=\"panel-2722-3-0-0\" class=\"so-panel widget widget_sow-editor panel-first-child panel-last-child\" data-index=\"6\" ><div\n\t\t\t\n\t\t\tclass=\"so-widget-sow-editor so-widget-sow-editor-base\"\n\t\t\t\n\t\t><h3 class=\"widget-title\">TAK NAS PA\u0143STWO ZNAJD\u0104<\/h3>\n<div class=\"siteorigin-widget-tinymce textwidget\">\n\t<p>Nie byli Pa\u0144stwo jeszcze w Guben? To sympatyczne miasto z 20.000 mieszka\u0144c\u00f3w w Dolnych \u0141u\u017cycach jest otoczone pi\u0119kn\u0105 przyrod\u0105; w nim ka\u017cdy znajdzie co\u015b dla siebie.<\/p>\n<p><a class=\"btn btn-primary\" href=\"https:\/\/www.gwg-guben.de\/pl\/kontakt\/dojazd\/\">POZNAJCIE PA\u0143STWO NASZE MIASTO<\/a><\/p>\n<\/div>\n<\/div><\/div><\/div><div id=\"pgc-2722-3-1\"  class=\"panel-grid-cell\" ><div id=\"panel-2722-3-1-0\" class=\"so-panel widget widget_sow-editor panel-first-child panel-last-child\" data-index=\"7\" ><div\n\t\t\t\n\t\t\tclass=\"so-widget-sow-editor so-widget-sow-editor-base\"\n\t\t\t\n\t\t>\n<div class=\"siteorigin-widget-tinymce textwidget\">\n\t<p><img loading=\"lazy\" decoding=\"async\" class=\"alignnone wp-image-1431 size-medium\" src=\"https:\/\/www.gwg-guben.de\/s-content\/uploads\/2017\/05\/DSC_1974_Kaltenborner_web-600x450.jpg\" alt=\"\" width=\"600\" height=\"450\" srcset=\"https:\/\/www.gwg-guben.de\/s-content\/uploads\/2017\/05\/DSC_1974_Kaltenborner_web-600x450.jpg 600w, https:\/\/www.gwg-guben.de\/s-content\/uploads\/2017\/05\/DSC_1974_Kaltenborner_web-768x576.jpg 768w, https:\/\/www.gwg-guben.de\/s-content\/uploads\/2017\/05\/DSC_1974_Kaltenborner_web-1200x900.jpg 1200w, https:\/\/www.gwg-guben.de\/s-content\/uploads\/2017\/05\/DSC_1974_Kaltenborner_web.jpg 1417w\" sizes=\"auto, (max-width: 600px) 100vw, 600px\" \/><\/p><\/div>\n<\/div><\/div><\/div><\/div><\/div><div id=\"pg-2722-4\"  class=\"panel-grid panel-has-style\" ><div class=\"panel-row-style panel-row-style-for-2722-4\" ><div id=\"pgc-2722-4-0\"  class=\"panel-grid-cell\" ><div id=\"panel-2722-4-0-0\" class=\"so-panel widget widget_sow-editor panel-first-child panel-last-child\" data-index=\"8\" ><div\n\t\t\t\n\t\t\tclass=\"so-widget-sow-editor so-widget-sow-editor-base\"\n\t\t\t\n\t\t>\n<div class=\"siteorigin-widget-tinymce textwidget\">\n\t<p><a href=\"https:\/\/www.gwg-guben.de\/pl\/przedsiebiorstwo-unternehmen\/czlonkowstwo\/\"><img loading=\"lazy\" decoding=\"async\" class=\"alignnone wp-image-2876 size-full\" src=\"https:\/\/www.gwg-guben.de\/s-content\/uploads\/2018\/01\/nachbar_pl.jpg\" alt=\"\" width=\"559\" height=\"287\" \/><\/a><\/p><\/div>\n<\/div><\/div><\/div><div id=\"pgc-2722-4-1\"  class=\"panel-grid-cell\" ><div id=\"panel-2722-4-1-0\" class=\"so-panel widget widget_sow-editor panel-first-child panel-last-child\" data-index=\"9\" ><div\n\t\t\t\n\t\t\tclass=\"so-widget-sow-editor so-widget-sow-editor-base\"\n\t\t\t\n\t\t>\n<div class=\"siteorigin-widget-tinymce textwidget\">\n\t<p><a href=\"https:\/\/www.gwg-guben.de\/pl\/mieszkanie-wohnen\/pytania-odpowiedzi\/\"><img loading=\"lazy\" decoding=\"async\" class=\"alignnone wp-image-2878 size-full\" src=\"https:\/\/www.gwg-guben.de\/s-content\/uploads\/2018\/01\/spielen_pl.jpg\" alt=\"\" width=\"559\" height=\"287\" \/><\/a><\/p><\/div>\n<\/div><\/div><\/div><\/div><\/div><\/div>","protected":false},"excerpt":{"rendered":"<p>POMOC NA MIEJSCU W czym tkwi problem? Drzwi si\u0119 nie zamykaj\u0105? Potrzebuj\u0105 Pa\u0144stwo pomocy technicznej? Nasi dozorcy s\u0105 Pa\u0144stwa pierwszymi osobami do kontaktu na miejscu. &hellip;<\/p>\n","protected":false},"author":2,"featured_media":0,"parent":0,"menu_order":100,"comment_status":"closed","ping_status":"closed","template":"","meta":{"footnotes":""},"class_list":["post-2722","page","type-page","status-publish","hentry"],"_links":{"self":[{"href":"https:\/\/www.gwg-guben.de\/pl\/wp-json\/wp\/v2\/pages\/2722","targetHints":{"allow":["GET"]}}],"collection":[{"href":"https:\/\/www.gwg-guben.de\/pl\/wp-json\/wp\/v2\/pages"}],"about":[{"href":"https:\/\/www.gwg-guben.de\/pl\/wp-json\/wp\/v2\/types\/page"}],"author":[{"embeddable":true,"href":"https:\/\/www.gwg-guben.de\/pl\/wp-json\/wp\/v2\/users\/2"}],"replies":[{"embeddable":true,"href":"https:\/\/www.gwg-guben.de\/pl\/wp-json\/wp\/v2\/comments?post=2722"}],"version-history":[{"count":7,"href":"https:\/\/www.gwg-guben.de\/pl\/wp-json\/wp\/v2\/pages\/2722\/revisions"}],"predecessor-version":[{"id":8570,"href":"https:\/\/www.gwg-guben.de\/pl\/wp-json\/wp\/v2\/pages\/2722\/revisions\/8570"}],"wp:attachment":[{"href":"https:\/\/www.gwg-guben.de\/pl\/wp-json\/wp\/v2\/media?parent=2722"}],"curies":[{"name":"wp","href":"https:\/\/api.w.org\/{rel}","templated":true}]}}