{"id":2768,"date":"2018-01-18T08:40:25","date_gmt":"2018-01-18T07:40:25","guid":{"rendered":"https:\/\/www.gwg-guben.de\/?page_id=2768"},"modified":"2018-01-25T10:41:38","modified_gmt":"2018-01-25T09:41:38","slug":"dyzur-awaryjny","status":"publish","type":"page","link":"https:\/\/www.gwg-guben.de\/pl\/kontakt\/dyzur-awaryjny\/","title":{"rendered":"DY\u017bUR AWARYJNY"},"content":{"rendered":"<div id=\"pl-2768\"  class=\"panel-layout\" ><div id=\"pg-2768-0\"  class=\"panel-grid panel-has-style\" ><div class=\"panel-row-style panel-row-style-for-2768-0\" ><div id=\"pgc-2768-0-0\"  class=\"panel-grid-cell\" ><div id=\"panel-2768-0-0-0\" class=\"so-panel widget widget_sow-editor panel-first-child panel-last-child\" data-index=\"0\" ><div\n\t\t\t\n\t\t\tclass=\"so-widget-sow-editor so-widget-sow-editor-base\"\n\t\t\t\n\t\t>\n<div class=\"siteorigin-widget-tinymce textwidget\">\n\t<p><img loading=\"lazy\" decoding=\"async\" class=\"alignnone wp-image-1394 size-full\" src=\"https:\/\/www.gwg-guben.de\/\/s-content\/uploads\/2017\/05\/Depositphotos_12130965_original_web.jpg\" alt=\"\" width=\"1920\" height=\"1277\" srcset=\"https:\/\/www.gwg-guben.de\/s-content\/uploads\/2017\/05\/Depositphotos_12130965_original_web.jpg 1920w, https:\/\/www.gwg-guben.de\/s-content\/uploads\/2017\/05\/Depositphotos_12130965_original_web-600x399.jpg 600w, https:\/\/www.gwg-guben.de\/s-content\/uploads\/2017\/05\/Depositphotos_12130965_original_web-768x511.jpg 768w, https:\/\/www.gwg-guben.de\/s-content\/uploads\/2017\/05\/Depositphotos_12130965_original_web-1200x798.jpg 1200w, https:\/\/www.gwg-guben.de\/s-content\/uploads\/2017\/05\/Depositphotos_12130965_original_web-840x560.jpg 840w, https:\/\/www.gwg-guben.de\/s-content\/uploads\/2017\/05\/Depositphotos_12130965_original_web-540x360.jpg 540w\" sizes=\"auto, (max-width: 1920px) 100vw, 1920px\" \/><\/p><\/div>\n<\/div><\/div><\/div><div id=\"pgc-2768-0-1\"  class=\"panel-grid-cell\" ><div id=\"panel-2768-0-1-0\" class=\"so-panel widget widget_sow-editor panel-first-child panel-last-child\" data-index=\"1\" ><div\n\t\t\t\n\t\t\tclass=\"so-widget-sow-editor so-widget-sow-editor-base\"\n\t\t\t\n\t\t>\n<div class=\"siteorigin-widget-tinymce textwidget\">\n\t<h2>ZAWSZE OSI\u0104GALNI<\/h2>\n<p>W przypadku awarii potrzebna jest pomoc, ale jest ju\u017c po godzinach pracy lub co\u015b niespodziewanego zdarza si\u0119 \u00a0akurat w dniu, w kt\u00f3rym jest \u015bwi\u0119to. Nie martw si\u0119! Nasza sp\u00f3\u0142ka c\u00f3rka, BIS GmbH, jest do Pa\u0144stwa dyspozycji r\u00f3wnie\u017c w tych niestety ,,niemo\u017cliwych\u201d godzinach.<\/p>\n<p><a class=\"btn btn-primary noIcon\" href=\"tel:\/\/+49 3561 43870\">NUMER ALARMOWY BRZMI: 03561 52034<\/a><\/p>\n<p>Przy problemach z telewizj\u0105, internetem i telefonem prosz\u0119 zwr\u00f3ci\u0107 si\u0119 do dy\u017curu awaryjnego firmy <a href=\"http:\/\/www.guben.tv\/index.php\/kontakt.html\">TV-Netzgesellschaft<\/a><strong>.<\/strong><\/p>\n<p><a class=\"btn btn-primary noIcon\" href=\"tel:\/\/+49 3561 62 97 90\">NUMER SERWISOWY I AWARYJNY: 03561 62 97 90<\/a><\/p>\n<\/div>\n<\/div><\/div><\/div><\/div><\/div><\/div>","protected":false},"excerpt":{"rendered":"<p>ZAWSZE OSI\u0104GALNI W przypadku awarii potrzebna jest pomoc, ale jest ju\u017c po godzinach pracy lub co\u015b niespodziewanego zdarza si\u0119 \u00a0akurat w dniu, w kt\u00f3rym jest &hellip;<\/p>\n","protected":false},"author":2,"featured_media":0,"parent":2722,"menu_order":30,"comment_status":"closed","ping_status":"closed","template":"","meta":{"footnotes":""},"class_list":["post-2768","page","type-page","status-publish","hentry"],"_links":{"self":[{"href":"https:\/\/www.gwg-guben.de\/pl\/wp-json\/wp\/v2\/pages\/2768","targetHints":{"allow":["GET"]}}],"collection":[{"href":"https:\/\/www.gwg-guben.de\/pl\/wp-json\/wp\/v2\/pages"}],"about":[{"href":"https:\/\/www.gwg-guben.de\/pl\/wp-json\/wp\/v2\/types\/page"}],"author":[{"embeddable":true,"href":"https:\/\/www.gwg-guben.de\/pl\/wp-json\/wp\/v2\/users\/2"}],"replies":[{"embeddable":true,"href":"https:\/\/www.gwg-guben.de\/pl\/wp-json\/wp\/v2\/comments?post=2768"}],"version-history":[{"count":5,"href":"https:\/\/www.gwg-guben.de\/pl\/wp-json\/wp\/v2\/pages\/2768\/revisions"}],"predecessor-version":[{"id":3041,"href":"https:\/\/www.gwg-guben.de\/pl\/wp-json\/wp\/v2\/pages\/2768\/revisions\/3041"}],"up":[{"embeddable":true,"href":"https:\/\/www.gwg-guben.de\/pl\/wp-json\/wp\/v2\/pages\/2722"}],"wp:attachment":[{"href":"https:\/\/www.gwg-guben.de\/pl\/wp-json\/wp\/v2\/media?parent=2768"}],"curies":[{"name":"wp","href":"https:\/\/api.w.org\/{rel}","templated":true}]}}