{"id":2772,"date":"2018-01-18T08:51:36","date_gmt":"2018-01-18T07:51:36","guid":{"rendered":"https:\/\/www.gwg-guben.de\/?page_id=2772"},"modified":"2018-01-25T10:44:38","modified_gmt":"2018-01-25T09:44:38","slug":"dojazd","status":"publish","type":"page","link":"https:\/\/www.gwg-guben.de\/pl\/kontakt\/dojazd\/","title":{"rendered":"DOJAZD"},"content":{"rendered":"<div id=\"pl-2772\"  class=\"panel-layout\" ><div id=\"pg-2772-0\"  class=\"panel-grid panel-has-style\" ><div class=\"panel-row-style panel-row-style-for-2772-0\" ><div id=\"pgc-2772-0-0\"  class=\"panel-grid-cell\" ><div id=\"panel-2772-0-0-0\" class=\"so-panel widget widget_sow-editor panel-first-child panel-last-child\" data-index=\"0\" ><div\n\t\t\t\n\t\t\tclass=\"so-widget-sow-editor so-widget-sow-editor-base\"\n\t\t\t\n\t\t>\n<div class=\"siteorigin-widget-tinymce textwidget\">\n\t<h2 style=\"text-align: center;\">TAK NAS PA\u0143STWO ZNAJD\u0104<\/h2>\n<\/div>\n<\/div><\/div><\/div><\/div><\/div><div id=\"pg-2772-1\"  class=\"panel-grid panel-has-style\" ><div class=\"panel-row-style panel-row-style-for-2772-1\" ><div id=\"pgc-2772-1-0\"  class=\"panel-grid-cell\" ><div id=\"panel-2772-1-0-0\" class=\"so-panel widget widget_sow-editor panel-first-child\" data-index=\"1\" ><div\n\t\t\t\n\t\t\tclass=\"so-widget-sow-editor so-widget-sow-editor-base\"\n\t\t\t\n\t\t>\n<div class=\"siteorigin-widget-tinymce textwidget\">\n\t<p><img loading=\"lazy\" decoding=\"async\" class=\"alignnone wp-image-2399 size-large\" src=\"https:\/\/www.gwg-guben.de\/s-content\/uploads\/2017\/12\/DSC_1974_Kaltenborner_web-1-1200x729.jpg\" alt=\"\" width=\"1200\" height=\"729\" srcset=\"https:\/\/www.gwg-guben.de\/s-content\/uploads\/2017\/12\/DSC_1974_Kaltenborner_web-1-1200x729.jpg 1200w, https:\/\/www.gwg-guben.de\/s-content\/uploads\/2017\/12\/DSC_1974_Kaltenborner_web-1-600x364.jpg 600w, https:\/\/www.gwg-guben.de\/s-content\/uploads\/2017\/12\/DSC_1974_Kaltenborner_web-1-768x466.jpg 768w, https:\/\/www.gwg-guben.de\/s-content\/uploads\/2017\/12\/DSC_1974_Kaltenborner_web-1.jpg 1400w\" sizes=\"auto, (max-width: 1200px) 100vw, 1200px\" \/><\/p><\/div>\n<\/div><\/div><div id=\"panel-2772-1-0-1\" class=\"so-panel widget widget_sow-editor panel-last-child\" data-index=\"2\" ><div\n\t\t\t\n\t\t\tclass=\"so-widget-sow-editor so-widget-sow-editor-base\"\n\t\t\t\n\t\t>\n<div class=\"siteorigin-widget-tinymce textwidget\">\n\t<p>Nie byli Pa\u0144stwo nigdy w Guben?<\/p>\n<ul>\n<li><a href=\"https:\/\/www.guben.de\" target=\"_blank\" rel=\"noopener\">Przejd\u017a do strony internetowej miasta Guben<\/a><\/li>\n<\/ul>\n<\/div>\n<\/div><\/div><\/div><div id=\"pgc-2772-1-1\"  class=\"panel-grid-cell\" ><div id=\"panel-2772-1-1-0\" class=\"so-panel widget widget_sow-panorama panel-first-child\" data-index=\"3\" ><div\n\t\t\t\n\t\t\tclass=\"so-widget-sow-panorama so-widget-sow-panorama-default-d75171398898-2772\"\n\t\t\t\n\t\t><div class=\"panoramaWrap\"  style=\"width:100%; padding-top:55.6%; position:relative;\">\r\n\t\t<div id=\"panorama-65468cb8-1280-4975-a7d2-11f2b9aa7750\" style=\"width:100%; height:100%; position:absolute; top:0; left:0;\"><\/div>\r\n<\/div>\r\n<script>\r\nfunction doPannellum() {\r\n\tpannellum.viewer('panorama-65468cb8-1280-4975-a7d2-11f2b9aa7750', {\r\n\t\ttype: 'equirectangular',\r\n\t\tpanorama: 'https:\/\/www.gwg-guben.de\/s-content\/uploads\/2017\/12\/2017-11-22-GWG-Empfang.jpg',\r\n\t\tautoRotate: -2,\r\n\t\tpreview : 'https:\/\/www.gwg-guben.de\/s-content\/themes\/gwg_01\/assets\/images\/gwg_default-panorama-preview.png',\r\n\t\tcompass : false,\r\n\t\tautoLoad : true,\r\n\t\tyaw : 0,\r\n\t\tmouseZoom : false,\r\n\t\tstrings : {\r\n\t\t\tloadButtonLabel: \"Kliknij tutaj, aby za\u0142adowa\u0107 panoram\u0119\",\r\n\t\t\tloadingLabel: \"\u0142adowanie...\",\r\n\t\t\tbylineLabel: \"przez %s\",\r\n\t\t\tnoPanoramaError: \"Nie okre\u015blono panoramy.\",\r\n\t\t\tfileAccessError: \"Nie mo\u017cna by\u0142o otworzy\u0107 pliku %s.\",\r\n\t\t\tmalformedURLError: \"Jest co\u015b z\u0142ego w adresie URL Panoramy.\",\r\n\t\t\tiOS8WebGLError: \"Ze wzgl\u0119du na wadliw\u0105 implementacj\u0119 interfejsu WebGL iOS8, na urz\u0105dzeniu pracuje tylko progresywny kodowany JPEG (panorama u\u017cywa standardowego kodowania).\",\r\n\t\t\tgenericWebGLError: \"Twoja przegl\u0105darka nie obs\u0142uguje WebGL aby wy\u015bwietli\u0107 panoram\u0119.\",\r\n\t\t\ttextureSizeError: \"Panorama ta jest zbyt du\u017ca dla Twojego urz\u0105dzenia! Panorama panorama ma szeroko\u015b\u0107 %spx, ale jej urz\u0105dzenie obs\u0142uguje tylko maksymaln\u0105 wielko\u015b\u0107 %spx. Wypr\u00f3buj inne urz\u0105dzenie. (Je\u015bli jeste\u015b autorem, spr\u00f3buj skalowa\u0107 obraz.\",\r\n\t\t\tunknownError: \"B\u0142\u0105d nieznany. Sp\u00f3jrz na konsol\u0119 dewelopera.\",\r\n\t\t}\/\/*\/\r\n\t});\r\n}\r\ndoPannellum();\r\n<\/script><\/div><\/div><div id=\"panel-2772-1-1-1\" class=\"so-panel widget widget_sow-editor panel-last-child\" data-index=\"4\" ><div\n\t\t\t\n\t\t\tclass=\"so-widget-sow-editor so-widget-sow-editor-base\"\n\t\t\t\n\t\t>\n<div class=\"siteorigin-widget-tinymce textwidget\">\n\t<p>Nasz zach\u0119caj\u0105cy obszar recepcji w budynku administracyjnym. Cieszymy si\u0119 na Pa\u0144stwa odwiedziny.<\/p>\n<\/div>\n<\/div><\/div><\/div><\/div><\/div><div id=\"pg-2772-2\"  class=\"panel-grid panel-has-style\" ><div class=\"siteorigin-panels-stretch panel-row-style panel-row-style-for-2772-2\" data-stretch-type=\"full-stretched\" ><div id=\"pgc-2772-2-0\"  class=\"panel-grid-cell\" ><div id=\"panel-2772-2-0-0\" class=\"so-panel widget widget_sow-editor panel-first-child\" data-index=\"5\" ><div class=\"panel-widget-style panel-widget-style-for-2772-2-0-0\" ><div\n\t\t\t\n\t\t\tclass=\"so-widget-sow-editor so-widget-sow-editor-base\"\n\t\t\t\n\t\t>\n<div class=\"siteorigin-widget-tinymce textwidget\">\n\t<p>Mapa dojazdowa do naszego budynku administracyjnego na Kaltenborner Stra\u00dfe.<\/p>\n<\/div>\n<\/div><\/div><\/div><div id=\"panel-2772-2-0-1\" class=\"so-panel widget widget_sow-google-map panel-last-child\" data-index=\"6\" ><div\n\t\t\t\n\t\t\tclass=\"so-widget-sow-google-map so-widget-sow-google-map-default-da4bf0680fdd-2772\"\n\t\t\t\n\t\t>\n<div class=\"sow-google-map-canvas\"\n\tstyle=\"\"\n\tid=\"map-canvas-72e0efb105f47c63200bd181e7d6b5e6\"\n\tdata-options=\"{&quot;address&quot;:&quot;&quot;,&quot;zoom&quot;:&quot;14&quot;,&quot;mobileZoom&quot;:&quot;14&quot;,&quot;gestureHandling&quot;:&quot;cooperative&quot;,&quot;disableUi&quot;:&quot;&quot;,&quot;markerIcon&quot;:false,&quot;markersDraggable&quot;:false,&quot;markerAtCenter&quot;:true,&quot;markerInfoDisplay&quot;:&quot;always&quot;,&quot;markerInfoMultiple&quot;:&quot;1&quot;,&quot;markerPositions&quot;:[{&quot;place&quot;:&quot;Kaltenborner Stra\\u00dfe 58, 03172 Guben&quot;,&quot;info&quot;:&quot;Gubener Wohnungsbaugenossenschaft\\u00a0GWG eG&lt;\\\/strong&gt;Kaltenborner Stra\\u00dfe 5803172 Guben&lt;\\\/p&gt;\\nBei Google-Maps \\u00f6ffnen&lt;\\\/a&gt;&lt;\\\/p&gt;&quot;,&quot;infoSelectedEditor&quot;:&quot;tinymce&quot;,&quot;infoMaxWidth&quot;:&quot;&quot;,&quot;customMarkerIcon&quot;:&quot;0&quot;,&quot;customMarkerIconSize&quot;:&quot;&quot;}],&quot;mapName&quot;:false,&quot;mapStyles&quot;:false,&quot;directions&quot;:&quot;&quot;,&quot;apiKey&quot;:&quot;AIzaSyCFFqyL6DTQeNz8iLP-QjDI9cXzMpdDgx4&quot;,&quot;breakpoint&quot;:&quot;780&quot;,&quot;id&quot;:&quot;69f5b1&quot;}\"\n\tdata-fallback-image=\"{&quot;img&quot;:&quot;&quot;}\"><\/div>\n<\/div><\/div><\/div><\/div><\/div><\/div>","protected":false},"excerpt":{"rendered":"<p>TAK NAS PA\u0143STWO ZNAJD\u0104 Nie byli Pa\u0144stwo nigdy w Guben? Przejd\u017a do strony internetowej miasta Guben Nasz zach\u0119caj\u0105cy obszar recepcji w budynku administracyjnym. Cieszymy si\u0119 &hellip;<\/p>\n","protected":false},"author":2,"featured_media":0,"parent":2722,"menu_order":40,"comment_status":"closed","ping_status":"closed","template":"","meta":{"footnotes":""},"class_list":["post-2772","page","type-page","status-publish","hentry"],"_links":{"self":[{"href":"https:\/\/www.gwg-guben.de\/pl\/wp-json\/wp\/v2\/pages\/2772","targetHints":{"allow":["GET"]}}],"collection":[{"href":"https:\/\/www.gwg-guben.de\/pl\/wp-json\/wp\/v2\/pages"}],"about":[{"href":"https:\/\/www.gwg-guben.de\/pl\/wp-json\/wp\/v2\/types\/page"}],"author":[{"embeddable":true,"href":"https:\/\/www.gwg-guben.de\/pl\/wp-json\/wp\/v2\/users\/2"}],"replies":[{"embeddable":true,"href":"https:\/\/www.gwg-guben.de\/pl\/wp-json\/wp\/v2\/comments?post=2772"}],"version-history":[{"count":5,"href":"https:\/\/www.gwg-guben.de\/pl\/wp-json\/wp\/v2\/pages\/2772\/revisions"}],"predecessor-version":[{"id":3051,"href":"https:\/\/www.gwg-guben.de\/pl\/wp-json\/wp\/v2\/pages\/2772\/revisions\/3051"}],"up":[{"embeddable":true,"href":"https:\/\/www.gwg-guben.de\/pl\/wp-json\/wp\/v2\/pages\/2722"}],"wp:attachment":[{"href":"https:\/\/www.gwg-guben.de\/pl\/wp-json\/wp\/v2\/media?parent=2772"}],"curies":[{"name":"wp","href":"https:\/\/api.w.org\/{rel}","templated":true}]}}