{"id":2775,"date":"2018-01-18T09:16:47","date_gmt":"2018-01-18T08:16:47","guid":{"rendered":"https:\/\/www.gwg-guben.de\/?page_id=2775"},"modified":"2019-03-20T14:13:53","modified_gmt":"2019-03-20T13:13:53","slug":"startseite","status":"publish","type":"page","link":"https:\/\/www.gwg-guben.de\/pl\/","title":{"rendered":"Strona Startowa"},"content":{"rendered":"<div id=\"pl-2775\"  class=\"panel-layout\" ><div id=\"pg-2775-0\"  class=\"panel-grid panel-has-style\" ><div class=\"grayColorRow siteorigin-panels-stretch panel-row-style panel-row-style-for-2775-0\" data-stretch-type=\"full\" ><div id=\"pgc-2775-0-0\"  class=\"panel-grid-cell\" ><div id=\"panel-2775-0-0-0\" class=\"so-panel widget widget_sow-editor panel-first-child panel-last-child\" data-index=\"0\" ><div\n\t\t\t\n\t\t\tclass=\"so-widget-sow-editor so-widget-sow-editor-base\"\n\t\t\t\n\t\t>\n<div class=\"siteorigin-widget-tinymce textwidget\">\n\t<p>\u00a0<\/p>\n<h1 style=\"text-align: center;\">MIESZKA\u0106 I CZU\u0106 SI\u0118 DOBRZE<\/h1>\n<p class=\"textIntro\" style=\"text-align: center;\">Serdecznie witamy w GWG Guben - w Sp\u00f3\u0142dzielni Mieszkaniowo-Budowlanej z bogat\u0105 tradycj\u0105 i nastawieniem na \u015bwiadczenie us\u0142ug. U nas mog\u0105 Pa\u0144stwo dobrze, niedrogo oraz bezpiecznie mieszka\u0107. Czekamy na Pa\u0144stwa zapytanie dotycz\u0105ce mieszkania.<\/p>\n<\/div>\n<\/div><\/div><\/div><\/div><\/div><div id=\"pg-2775-1\"  class=\"panel-grid panel-has-style\" ><div class=\"grayColorRow siteorigin-panels-stretch panel-row-style panel-row-style-for-2775-1\" data-stretch-type=\"full\" ><div id=\"pgc-2775-1-0\"  class=\"panel-grid-cell\" ><div id=\"panel-2775-1-0-0\" class=\"so-panel widget widget_widget_immobilien widget_immobilien panel-first-child\" data-index=\"1\" ><div class=\"immobilienSliderWrap\"><div class=\"swiper-container widget-1-0-0\"><div class=\"swiper-wrapper\"><div class=\"swiper-slide\">\n<div id=\"post-9173\" class=\"immobilienSmall post-9173 immobilie type-immobilie status-publish hentry property-features-aussenjalousie-n property-features-badewanne property-features-balkon property-features-kellerraum property-features-personenaufzug property-features-wand-wc\">\n\t\t<div class=\"imageArea\">\n\t\t\t\t<a class=\"image\" href=\"https:\/\/www.gwg-guben.de\/pl\/immobilien\/wohnen-in-guben-1644\/\" rel=\"permalink\" data-image-preload=\"https:\/\/gwg-guben.ivm-professional.de\/_lib\/phpthumb\/phpThumb.php?src=\/_img\/flats\/62-1.JPG&amp;w=500\">\n\t\t\t<div class=\"imageHolder\" style=\"background-image: url('https:\/\/gwg-guben.ivm-professional.de\/_lib\/phpthumb\/phpThumb.php?src=\/_img\/flats\/62-1.JPG&amp;w=500');\"><\/div>\n\t\t<\/a>\n\t\t\t\t<div class=\"info\">\n\t\t\t\t\t\t\t<div class=\"price\">741,42 \u20ac<\/div>\n\t\t\t\t\t\t\n\t\t\t\t\t\t\t<span class=\"text\">67,01 m\u00b2<\/span>\n\t\t\t\t\t<\/div>\n\t<\/div>\n\t<div class=\"contentArea\">\n\t\t<h3><a href=\"https:\/\/www.gwg-guben.de\/pl\/immobilien\/wohnen-in-guben-1644\/\" rel=\"permalink\">Franz-Mehring-Stra\u00dfe 18<\/a><\/h3>\n\t\t<h2 class=\"subline\"><a href=\"https:\/\/www.gwg-guben.de\/pl\/immobilien\/wohnen-in-guben-1644\/\" rel=\"permalink\" title=\"4-Raum-Wohnung mit Aufzug BEWERBEN SIE SICH\">4-Raum-Wohnung mit Aufzug BEWERBEN SIE SICH<\/a><\/h2>\n\t\t\n\t\t<div class=\"metaLine\">\n\t\t\t\t\t\t\t\t\t\t\t<span class=\"roomCount\">4 pokoje<\/span>\t\t\t\t\t\t<span class=\"feature\">Au\u00dfenjalousie\/n<\/span>\t\t<\/div>\n\t\t<a class=\"more\" href=\"https:\/\/www.gwg-guben.de\/pl\/immobilien\/wohnen-in-guben-1644\/\" rel=\"permalink\">wszystkie informacje <i class=\"fa fa-angle-right\" aria-hidden=\"true\"><\/i><\/a>\n\t<\/div>\n<\/div>\n<\/div><div class=\"swiper-slide\">\n<div id=\"post-9172\" class=\"immobilienSmall post-9172 immobilie type-immobilie status-publish hentry property-features-balkon property-features-dusche property-features-kellerraum property-features-personenaufzug property-features-wand-wc\">\n\t\t<div class=\"imageArea\">\n\t\t\t\t<a class=\"image\" href=\"https:\/\/www.gwg-guben.de\/pl\/immobilien\/wohnen-in-guben-1615\/\" rel=\"permalink\" data-image-preload=\"https:\/\/gwg-guben.ivm-professional.de\/_lib\/phpthumb\/phpThumb.php?src=\/_img\/flats\/62-2.JPG&amp;w=500\">\n\t\t\t<div class=\"imageHolder\" style=\"background-image: url('https:\/\/gwg-guben.ivm-professional.de\/_lib\/phpthumb\/phpThumb.php?src=\/_img\/flats\/62-2.JPG&amp;w=500');\"><\/div>\n\t\t<\/a>\n\t\t\t\t<div class=\"info\">\n\t\t\t\t\t\t\t<div class=\"price\">612,04 \u20ac<\/div>\n\t\t\t\t\t\t\n\t\t\t\t\t\t\t<span class=\"text\">56,90 m\u00b2<\/span>\n\t\t\t\t\t<\/div>\n\t<\/div>\n\t<div class=\"contentArea\">\n\t\t<h3><a href=\"https:\/\/www.gwg-guben.de\/pl\/immobilien\/wohnen-in-guben-1615\/\" rel=\"permalink\">Franz-Mehring-Stra\u00dfe 12<\/a><\/h3>\n\t\t<h2 class=\"subline\"><a href=\"https:\/\/www.gwg-guben.de\/pl\/immobilien\/wohnen-in-guben-1615\/\" rel=\"permalink\" title=\"3-Raum-Wohnung mit Personenaufzug BEWERBEN SIE SICH\">3-Raum-Wohnung mit Personenaufzug BEWERBEN SIE SICH<\/a><\/h2>\n\t\t\n\t\t<div class=\"metaLine\">\n\t\t\t\t\t\t\t\t\t\t\t<span class=\"roomCount\">3 pokoje<\/span>\t\t\t\t\t\t<span class=\"feature\">Balkon<\/span>\t\t<\/div>\n\t\t<a class=\"more\" href=\"https:\/\/www.gwg-guben.de\/pl\/immobilien\/wohnen-in-guben-1615\/\" rel=\"permalink\">wszystkie informacje <i class=\"fa fa-angle-right\" aria-hidden=\"true\"><\/i><\/a>\n\t<\/div>\n<\/div>\n<\/div><div class=\"swiper-slide\">\n<div id=\"post-9170\" class=\"immobilienSmall post-9170 immobilie type-immobilie status-publish hentry property-features-aussenjalousie-n property-features-bad-mit-fenster property-features-badewanne property-features-balkon property-features-kellerraum\">\n\t\t<div class=\"imageArea\">\n\t\t\t\t<a class=\"image\" href=\"https:\/\/www.gwg-guben.de\/pl\/immobilien\/wohnen-in-guben-734\/\" rel=\"permalink\" data-image-preload=\"https:\/\/gwg-guben.ivm-professional.de\/_lib\/phpthumb\/phpThumb.php?src=\/_img\/flats\/39.jpg&amp;w=500\">\n\t\t\t<div class=\"imageHolder\" style=\"background-image: url('https:\/\/gwg-guben.ivm-professional.de\/_lib\/phpthumb\/phpThumb.php?src=\/_img\/flats\/39.jpg&amp;w=500');\"><\/div>\n\t\t<\/a>\n\t\t\t\t<div class=\"info\">\n\t\t\t\t\t\t\t<div class=\"price\">529,08 \u20ac<\/div>\n\t\t\t\t\t\t\n\t\t\t\t\t\t\t<span class=\"text\">58,60 m\u00b2<\/span>\n\t\t\t\t\t<\/div>\n\t<\/div>\n\t<div class=\"contentArea\">\n\t\t<h3><a href=\"https:\/\/www.gwg-guben.de\/pl\/immobilien\/wohnen-in-guben-734\/\" rel=\"permalink\">Sprucker Stra\u00dfe 65<\/a><\/h3>\n\t\t<h2 class=\"subline\"><a href=\"https:\/\/www.gwg-guben.de\/pl\/immobilien\/wohnen-in-guben-734\/\" rel=\"permalink\" title=\"2-Raum-Wohnung  BEWERBEN SIE SICH\">2-Raum-Wohnung  BEWERBEN SIE SICH<\/a><\/h2>\n\t\t\n\t\t<div class=\"metaLine\">\n\t\t\t\t\t\t\t\t\t\t\t<span class=\"roomCount\">2 pokoje<\/span>\t\t\t\t\t\t<span class=\"feature\">Au\u00dfenjalousie\/n<\/span>\t\t<\/div>\n\t\t<a class=\"more\" href=\"https:\/\/www.gwg-guben.de\/pl\/immobilien\/wohnen-in-guben-734\/\" rel=\"permalink\">wszystkie informacje <i class=\"fa fa-angle-right\" aria-hidden=\"true\"><\/i><\/a>\n\t<\/div>\n<\/div>\n<\/div><\/div><\/div><div class=\"slide-prev nav-button\"><i class=\"fa fa-angle-left\" aria-hidden=\"true\"><\/i><\/div><div class=\"slide-next nav-button\"><i class=\"fa fa-angle-right\" aria-hidden=\"true\"><\/i><\/div><div class=\"swiper-pagination\"><\/div><\/div>\t\t<script>\n\t\t\tjQuery(document).ready(function($) {\n\t\t\t\tvar wrap = $('.immobilienSliderWrap');\n\t\t\t\tvar base = $('.swiper-container.widget-1-0-0');\n\t\t\t\t\n\t\t\t\tvar container = base;\n\t\t\t\t\n\t\t\t\tvar swiperSettings = {\n\t\t\t\t\tloop:false,\n\t\t\t\t\tslidesPerView:3,\n\t\t\t\t\tspaceBetween:50,\n\t\t\t\t\tautoplay:5000,\n\t\t\t\t\tautoplayDisableOnInteraction:true,\n\t\t\t\t\tpaginationClickable:true,\n\t\t\t\t\tpreventClicks:false,\n\t\t\t\t\t\n\t\t\t\t\tbreakpoints: {\n\t\t\t\t\t\t\/\/ when window width is <= 490px\n\t\t\t\t\t\t550: {\n\t\t\t\t\t\t\tslidesPerView: 1,\n\t\t\t\t\t\t\tspaceBetween: 80\n\t\t\t\t\t\t},\n\t\t\t\t\t\t\/\/ when window width is <= 640px\n\t\t\t\t\t\t768: {\n\t\t\t\t\t\t\tslidesPerView: 2,\n\t\t\t\t\t\t\tspaceBetween: 80\n\t\t\t\t\t\t}\n\t\t\t\t\t}\n\t\t\t\t\t\n\t\t\t\t};\n\t\t\t\tswiperSettings.nextButton = wrap.find('.slide-next')[0];\n\t\t\t\tswiperSettings.prevButton = wrap.find('.slide-prev')[0];\n\t\t\t\tswiperSettings.pagination = wrap.find('.swiper-pagination')[0];\n\t\t\t\tswiperSettings.onSlideChangeEnd = function(swiper) {\n\t\t\t\t\tif(typeof doImagePreload === 'function') {\n\t\t\t\t\t\tdoImagePreload($);\n\t\t\t\t\t}\n\t\t\t\t}\n\t\t\t\tvar mySwiper = new Swiper(container[0], swiperSettings);\n\t\t\t\t\n\t\t\t\tcontainer.on('mouseover',function() { mySwiper.stopAutoplay(); });\n\t\t\t\tcontainer.on('mouseout',function() { mySwiper.startAutoplay(); });\n\t\t\t\t\n\t\t\t\t\n\t\t\t\tsetTimeout(function() {\n\t\t\t\t\tmySwiper.onResize();\n\t\t\t\t},100);\n\t\t\t\t\/***** lightbox with data *******\/\n\t\t\t\t\n\t\t\t});\n\t\t<\/script>\n\t\t<\/div><div id=\"panel-2775-1-0-1\" class=\"so-panel widget widget_sow-editor panel-last-child\" data-index=\"2\" ><div\n\t\t\t\n\t\t\tclass=\"so-widget-sow-editor so-widget-sow-editor-base\"\n\t\t\t\n\t\t>\n<div class=\"siteorigin-widget-tinymce textwidget\">\n\t<p>&nbsp;<\/p>\n<p style=\"text-align: center;\"><a class=\"btn btn-default btn-lg\" href=\"https:\/\/www.gwg-guben.de\/pl\/mieszkanie\/wyszukiwanie-mieszkania\/\">WY\u015aWIETL WI\u0118CEJ <\/a><\/p>\n<\/div>\n<\/div><\/div><\/div><\/div><\/div><div id=\"pg-2775-2\"  class=\"panel-grid panel-has-style\" ><div class=\"panel-row-style panel-row-style-for-2775-2\" ><div id=\"pgc-2775-2-0\"  class=\"panel-grid-cell\" ><div id=\"panel-2775-2-0-0\" class=\"so-panel widget widget_sow-editor panel-first-child panel-last-child\" data-index=\"3\" ><div\n\t\t\t\n\t\t\tclass=\"so-widget-sow-editor so-widget-sow-editor-base\"\n\t\t\t\n\t\t>\n<div class=\"siteorigin-widget-tinymce textwidget\">\n\t<p><img loading=\"lazy\" decoding=\"async\" class=\"noMargin alignright wp-image-48 size-full\" src=\"https:\/\/www.gwg-guben.de\/s-content\/uploads\/2017\/05\/gwg-fragen.jpg\" alt=\"\" height=\"426\" width=\"380\"><\/p>\n<\/div>\n<\/div><\/div><\/div><div id=\"pgc-2775-2-1\"  class=\"panel-grid-cell\" ><div id=\"panel-2775-2-1-0\" class=\"so-panel widget widget_sow-editor panel-first-child panel-last-child\" data-index=\"4\" ><div class=\"panel-widget-style panel-widget-style-for-2775-2-1-0\" ><div\n\t\t\t\n\t\t\tclass=\"so-widget-sow-editor so-widget-sow-editor-base\"\n\t\t\t\n\t\t>\n<div class=\"siteorigin-widget-tinymce textwidget\">\n\t<h2>ZAPYTAJ NAS<\/h2>\n<p>Zajrzyjcie Pa\u0144stwo do naszej sekcji , ,<a href=\"https:\/\/www.gwg-guben.de\/pl\/mieszkanie\/pytania-odpowiedzi\/\">PYTANIA I ODPOWIEDZI<\/a>\u201d. Znajd\u0105 tam Pa\u0144stwo szybko odpowiedzi na najcz\u0119\u015bciej zadawane pytania. Oczywi\u015bcie mog\u0105 Pa\u0144stwo r\u00f3wnie\u017c do nas zadzwoni\u0107 lub napisa\u0107 e-maila!<\/p>\n<p>Nasz polskoj\u0119zyczny pracownik <strong>Pani Kod\u017a<\/strong> (Tel. 03561 4387- 23) jest ch\u0119tnie do dyspozycji!<\/p>\n<p><a class=\"btn btn-primary\" href=\"mailto: info@gwg-guben.de\">WY\u015aLIJ E-MAILA<\/a> <a class=\"btn btn-primary noIcon\" href=\"tel:\/\/00493561438723\">TELEFON: +49 (0) 3561 \/ 4387 - 23<\/a><\/p>\n<\/div>\n<\/div><\/div><\/div><\/div><\/div><\/div><div id=\"pg-2775-3\"  class=\"panel-grid panel-has-style\" ><div class=\"blueIconRow siteorigin-panels-stretch panel-row-style panel-row-style-for-2775-3\" data-stretch-type=\"full\" ><div id=\"pgc-2775-3-0\"  class=\"panel-grid-cell\" ><div id=\"panel-2775-3-0-0\" class=\"so-panel widget widget_sow-features panel-first-child panel-last-child\" data-index=\"5\" ><div\n\t\t\t\n\t\t\tclass=\"so-widget-sow-features so-widget-sow-features-default-1b3b4251856f-9170\"\n\t\t\t\n\t\t><ul\n\tclass=\"sow-features-list\n\t\">\n\n\t\t\t<li\n\t\t\tclass=\"sow-features-feature sow-icon-container-position-top\"\n\t\t\tstyle=\"display: flex; flex-direction: column; width: calc(25% - 25px);\"\n\t\t>\n\t\t\t\n\t\t\t\t\t\t<a\t\t\t\tclass=\"sow-icon-container sow-container-none\"\n\t\t\t\tstyle=\"color: #404040; \"\n\t\t\t\t\n\t\t\t\t\t\t\t\t\thref=\"https:\/\/www.gwg-guben.de\/service\/wohnen-mit-service\/\"\n\t\t\t\t\t\t\t\t>\n\t\t\t\t\t\t\t\t\t\t<div class=\"sow-icon-image\" style=\"background-image: url(https:\/\/www.gwg-guben.de\/s-content\/uploads\/2017\/05\/gwg_icons_0000_haus.png)\"><\/div>\n\t\t\t\t\t\t\t\t\t<\/a>\n\n\t\t\t<div class=\"textwidget\">\n\t\t\t\t\n\t\t\t\t\t\t\t\t\t<h5 class=\"sow-features-feature-title\">\n\t\t\t\t\t\t\t\t\t\t\t\t\t<a\n\t\t\t\t\t\t\t\thref=\"https:\/\/www.gwg-guben.de\/service\/wohnen-mit-service\/\"\n\t\t\t\t\t\t\t\t\t\t\t\t\t\t\t>\n\t\t\t\t\t\t\tMIESZKANIA Z US\u0141UGAMI\t\t\t\t\t\t\t<\/a>\n\t\t\t\t\t\t\t\t\t\t\t\t<\/h5>\n\t\t\t\t\n\t\t\t\t\t\t\t\t\t<div class=\"sow-features-feature-text\">\n\t\t\t\t\t<p>Z niekt\u00f3rymi rzeczami nie mo\u017cna sobie po prostu poradzi\u0107! Poradnia naszego punktu spotka\u0144 dla cz\u0142onk\u00f3w pomo\u017ce Pa\u0144stwu szybko i bez komplikacji w wielu kwestiach.<\/p>\t\t\t\t\t<\/div>\n\t\t\t\t\t\t\t\t<\/div>\n\t\t\t\t\t\t\t\t<\/li>\n\n\t\t\t<li\n\t\t\tclass=\"sow-features-feature sow-icon-container-position-top\"\n\t\t\tstyle=\"display: flex; flex-direction: column; width: calc(25% - 25px);\"\n\t\t>\n\t\t\t\n\t\t\t\t\t\t<a\t\t\t\tclass=\"sow-icon-container sow-container-none\"\n\t\t\t\tstyle=\"color: #404040; \"\n\t\t\t\t\n\t\t\t\t\t\t\t\t\thref=\"https:\/\/www.gwg-guben.de\/service\/reparatur\/\"\n\t\t\t\t\t\t\t\t>\n\t\t\t\t\t\t\t\t\t\t<div class=\"sow-icon-image\" style=\"background-image: url(https:\/\/www.gwg-guben.de\/s-content\/uploads\/2017\/05\/gwg_icons_0001_reload.png)\"><\/div>\n\t\t\t\t\t\t\t\t\t<\/a>\n\n\t\t\t<div class=\"textwidget\">\n\t\t\t\t\n\t\t\t\t\t\t\t\t\t<h5 class=\"sow-features-feature-title\">\n\t\t\t\t\t\t\t\t\t\t\t\t\t<a\n\t\t\t\t\t\t\t\thref=\"https:\/\/www.gwg-guben.de\/service\/reparatur\/\"\n\t\t\t\t\t\t\t\t\t\t\t\t\t\t\t>\n\t\t\t\t\t\t\tNAPRAWY\t\t\t\t\t\t\t<\/a>\n\t\t\t\t\t\t\t\t\t\t\t\t<\/h5>\n\t\t\t\t\n\t\t\t\t\t\t\t\t\t<div class=\"sow-features-feature-text\">\n\t\t\t\t\t<p>Przy naprawach jest wa\u017cna szybko\u015b\u0107. Nasi dozorcy s\u0105 dla Pa\u0144stwa odpowiednimi osobami do kontaktu.<\/p>\t\t\t\t\t<\/div>\n\t\t\t\t\t\t\t\t<\/div>\n\t\t\t\t\t\t\t\t<\/li>\n\n\t\t\t<li\n\t\t\tclass=\"sow-features-feature sow-icon-container-position-top\"\n\t\t\tstyle=\"display: flex; flex-direction: column; width: calc(25% - 25px);\"\n\t\t>\n\t\t\t\n\t\t\t\t\t\t<a\t\t\t\tclass=\"sow-icon-container sow-container-none\"\n\t\t\t\tstyle=\"color: #404040; \"\n\t\t\t\t\n\t\t\t\t\t\t\t\t\thref=\"https:\/\/www.gwg-guben.de\/kontakt\/hausmeister\/\"\n\t\t\t\t\t\t\t\t>\n\t\t\t\t\t\t\t\t\t\t<div class=\"sow-icon-image\" style=\"background-image: url(https:\/\/www.gwg-guben.de\/s-content\/uploads\/2017\/05\/gwg_icons_0002_schraubenschluessel.png)\"><\/div>\n\t\t\t\t\t\t\t\t\t<\/a>\n\n\t\t\t<div class=\"textwidget\">\n\t\t\t\t\n\t\t\t\t\t\t\t\t\t<h5 class=\"sow-features-feature-title\">\n\t\t\t\t\t\t\t\t\t\t\t\t\t<a\n\t\t\t\t\t\t\t\thref=\"https:\/\/www.gwg-guben.de\/kontakt\/hausmeister\/\"\n\t\t\t\t\t\t\t\t\t\t\t\t\t\t\t>\n\t\t\t\t\t\t\tDOZORCY\t\t\t\t\t\t\t<\/a>\n\t\t\t\t\t\t\t\t\t\t\t\t<\/h5>\n\t\t\t\t\n\t\t\t\t\t\t\t\t\t<div class=\"sow-features-feature-text\">\n\t\t\t\t\t<p>Nasi dozorcy troszcz\u0105 si\u0119 o wszystkie sprawy, kt\u00f3re dotycz\u0105 poszczeg\u00f3lnych kompleks\u00f3w mieszkalnych. Kto, gdzie i kiedy jest odpowiedzialny, dowiedz\u0105 si\u0119 Pa\u0144stwo tutaj.<\/p>\t\t\t\t\t<\/div>\n\t\t\t\t\t\t\t\t<\/div>\n\t\t\t\t\t\t\t\t<\/li>\n\n\t\t\t<li\n\t\t\tclass=\"sow-features-feature sow-icon-container-position-top\"\n\t\t\tstyle=\"display: flex; flex-direction: column; width: calc(25% - 25px);\"\n\t\t>\n\t\t\t\n\t\t\t\t\t\t<a\t\t\t\tclass=\"sow-icon-container sow-container-none\"\n\t\t\t\tstyle=\"color: #404040; \"\n\t\t\t\t\n\t\t\t\t\t\t\t\t\thref=\"https:\/\/www.gwg-guben.de\/service\/gaestewohnungen\/\"\n\t\t\t\t\t\t\t\t>\n\t\t\t\t\t\t\t\t\t\t<div class=\"sow-icon-image\" style=\"background-image: url(https:\/\/www.gwg-guben.de\/s-content\/uploads\/2017\/05\/gwg_icons_0003_person.png)\"><\/div>\n\t\t\t\t\t\t\t\t\t<\/a>\n\n\t\t\t<div class=\"textwidget\">\n\t\t\t\t\n\t\t\t\t\t\t\t\t\t<h5 class=\"sow-features-feature-title\">\n\t\t\t\t\t\t\t\t\t\t\t\t\t<a\n\t\t\t\t\t\t\t\thref=\"https:\/\/www.gwg-guben.de\/service\/gaestewohnungen\/\"\n\t\t\t\t\t\t\t\t\t\t\t\t\t\t\t>\n\t\t\t\t\t\t\tMIESZKANIA DLA GO\u015aCI\t\t\t\t\t\t\t<\/a>\n\t\t\t\t\t\t\t\t\t\t\t\t<\/h5>\n\t\t\t\t\n\t\t\t\t\t\t\t\t\t<div class=\"sow-features-feature-text\">\n\t\t\t\t\t<p>Niejeden z go\u015bci wprowadzi\u0142by si\u0119 najch\u0119tniej do jednego z naszych mieszka\u0144 dla go\u015bci! Je\u015bli spodziewaj\u0105 si\u0119 Pa\u0144stwo go\u015bci, powinni Pa\u0144stwo szybko zarezerwowa\u0107 jedno z naszych pi\u0119ciu mieszka\u0144!<\/p>\t\t\t\t\t<\/div>\n\t\t\t\t\t\t\t\t<\/div>\n\t\t\t\t\t\t\t\t<\/li>\n\n\t<\/ul>\n<\/div><\/div><\/div><\/div><\/div><div id=\"pg-2775-4\"  class=\"panel-grid panel-has-style\" ><div class=\"mainColorRow siteorigin-panels-stretch panel-row-style panel-row-style-for-2775-4\" data-stretch-type=\"full-stretched\" ><div id=\"pgc-2775-4-0\"  class=\"panel-grid-cell\" ><div id=\"panel-2775-4-0-0\" class=\"so-panel widget widget_sow-editor panel-first-child panel-last-child\" data-index=\"6\" ><div\n\t\t\t\n\t\t\tclass=\"so-widget-sow-editor so-widget-sow-editor-base\"\n\t\t\t\n\t\t>\n<div class=\"siteorigin-widget-tinymce textwidget\">\n\t<p><a href=\"https:\/\/www.gwg-guben.de\/pl\/przedsiebiorstwo-unternehmen\/czlonkowstwo-mitgliedschaft\"><img loading=\"lazy\" decoding=\"async\" class=\"aligncenter wp-image-3159 size-full\" src=\"https:\/\/www.gwg-guben.de\/s-content\/uploads\/2018\/03\/gwg_generationen_pl.jpg\" alt=\"\" width=\"1340\" height=\"431\" srcset=\"https:\/\/www.gwg-guben.de\/s-content\/uploads\/2018\/03\/gwg_generationen_pl.jpg 1340w, https:\/\/www.gwg-guben.de\/s-content\/uploads\/2018\/03\/gwg_generationen_pl-600x193.jpg 600w, https:\/\/www.gwg-guben.de\/s-content\/uploads\/2018\/03\/gwg_generationen_pl-768x247.jpg 768w, https:\/\/www.gwg-guben.de\/s-content\/uploads\/2018\/03\/gwg_generationen_pl-1200x386.jpg 1200w\" sizes=\"auto, (max-width: 1340px) 100vw, 1340px\" \/><\/a><\/p><\/div>\n<\/div><\/div><\/div><\/div><\/div><\/div>","protected":false},"excerpt":{"rendered":"<p>\u00a0 MIESZKA\u0106 I CZU\u0106 SI\u0118 DOBRZE Serdecznie witamy w GWG Guben &#8211; w Sp\u00f3\u0142dzielni Mieszkaniowo-Budowlanej z bogat\u0105 tradycj\u0105 i nastawieniem na \u015bwiadczenie us\u0142ug. U nas &hellip;<\/p>\n","protected":false},"author":2,"featured_media":0,"parent":0,"menu_order":0,"comment_status":"closed","ping_status":"closed","template":"page-home.php","meta":{"footnotes":""},"class_list":["post-2775","page","type-page","status-publish","hentry"],"_links":{"self":[{"href":"https:\/\/www.gwg-guben.de\/pl\/wp-json\/wp\/v2\/pages\/2775","targetHints":{"allow":["GET"]}}],"collection":[{"href":"https:\/\/www.gwg-guben.de\/pl\/wp-json\/wp\/v2\/pages"}],"about":[{"href":"https:\/\/www.gwg-guben.de\/pl\/wp-json\/wp\/v2\/types\/page"}],"author":[{"embeddable":true,"href":"https:\/\/www.gwg-guben.de\/pl\/wp-json\/wp\/v2\/users\/2"}],"replies":[{"embeddable":true,"href":"https:\/\/www.gwg-guben.de\/pl\/wp-json\/wp\/v2\/comments?post=2775"}],"version-history":[{"count":7,"href":"https:\/\/www.gwg-guben.de\/pl\/wp-json\/wp\/v2\/pages\/2775\/revisions"}],"predecessor-version":[{"id":4207,"href":"https:\/\/www.gwg-guben.de\/pl\/wp-json\/wp\/v2\/pages\/2775\/revisions\/4207"}],"wp:attachment":[{"href":"https:\/\/www.gwg-guben.de\/pl\/wp-json\/wp\/v2\/media?parent=2775"}],"curies":[{"name":"wp","href":"https:\/\/api.w.org\/{rel}","templated":true}]}}