{"id":2819,"date":"2018-01-18T09:36:52","date_gmt":"2018-01-18T08:36:52","guid":{"rendered":"https:\/\/www.gwg-guben.de\/?page_id=2819"},"modified":"2018-05-28T11:21:47","modified_gmt":"2018-05-28T09:21:47","slug":"oswiadczenie-o-ochronie-danych-osobowych","status":"publish","type":"page","link":"https:\/\/www.gwg-guben.de\/pl\/oswiadczenie-o-ochronie-danych-osobowych\/","title":{"rendered":"O\u015aWIADCZENIE O OCHRONIE DANYCH OSOBOWYCH"},"content":{"rendered":"<div id=\"pl-2819\"  class=\"panel-layout\" ><div id=\"pg-2819-0\"  class=\"panel-grid panel-has-style\" ><div class=\"panel-row-style panel-row-style-for-2819-0\" ><div id=\"pgc-2819-0-0\"  class=\"panel-grid-cell\" ><div id=\"panel-2819-0-0-0\" class=\"so-panel widget widget_sow-editor panel-first-child panel-last-child\" data-index=\"0\" ><div\n\t\t\t\n\t\t\tclass=\"so-widget-sow-editor so-widget-sow-editor-base\"\n\t\t\t\n\t\t>\n<div class=\"siteorigin-widget-tinymce textwidget\">\n\t<h4>OCHRONA DANYCH<\/h4>\n<p>Operatorzy tych stron bardzo powa\u017cnie traktuj\u0105 ochron\u0119 Pa\u0144\u00adstwa danych osobowych. Traktujemy Pa\u0144stwa dane osobowe w spos\u00f3b poufny oraz zgodnie z przepi\u00adsami prawnymi w zakresie ochrony danych osobowych i niniejszym o\u015bwiadczeniem. Korzystanie z naszej strony internetowej jest z regu\u0142y mo\u017cliwe bez podawania danych osobowych. Je\u015bli na naszych stronach s\u0105 gromadzone dane osobowe (na przyk\u0142ad nazwisko, adres lub adresy e-mailowe), odbywa si\u0119 to zawsze, o ile to mo\u017cliwe, dobrowolnie. Te dane nie s\u0105 przekazywane osobom trze\u00adcim bez Pa\u0144stwa wyra\u017aniej zgody. Zwracamy uwag\u0119, \u017ce transmisja danych w Internecie (np. przy ko\u00admunikacji za po\u015brednictwem poczty e-mail) mo\u017ce wykazywa\u0107 luki w bezpiecze\u0144stwie. Pe\u0142na ochrona danych przed dost\u0119pem os\u00f3b trzecich jest niemo\u017cliwa.<\/p>\n<h4>FORMULARZ KONATKOWY<\/h4>\n<p>Je\u015bli prze\u015bl\u0105 nam Pa\u0144stwo zapytania za po\u015brednictwem formularza kontak\u00adtowego, Pa\u0144stwa dane z formularza kontaktowego, w tym dane kontaktowe tam przez Pa\u0144stwa po\u00addane, zostan\u0105 u nas zapisane w celu rozpatrzenia zapytania oraz na wypadek dalszych pyta\u0144. Nie udo\u00adst\u0119pnimy tych danych bez Pa\u0144stwa zgody.<\/p>\n<h4>O\u015aWIADCZENIE O OCHRO\u00adNIE DANYCH OSOBOWYCH DO KORZYSTANIA Z GOOGLE ANALYTICS<\/h4>\n<p>Ta strona internetowa korzysta z funkcji us\u0142ugi analizy internetowej Google Analytics. Dostawc\u0105 us\u0142ugi jest Google Inc., 1600 Amphitheatre Parkway Mountain View, CA 94043, USA. Google Analytics u\u017cywa tak zwanych \"cookies\". S\u0105 to pliki tekstowe, kt\u00f3re s\u0105 zapisywane na Pa\u0144stwa komputerze i umo\u017cliwiaj\u0105 analiz\u0119 korzystania przez Pa\u0144stwa ze strony internetowej. Informacje wytworzone przez cookie dotycz\u0105ce korzystania z tej strony internetowej s\u0105 zazwyczaj przesy\u0142ane do serwera Google w USA i tam zapisywane. Wi\u0119cej informacji na temat post\u0119powania z danymi u\u017cytkownik\u00f3w w Google Analytics znajdziecie Pa\u0144stwo w o\u015bwiadczeniu o ochronie danych Google: <a href=\"https:\/\/support.google.com\/analytics\/answer\/6004245?hl=de\" target=\"_blank\" rel=\"noopener\">https:\/\/support.google.com\/analytics\/answer\/6004245?hl=de<\/a><\/p>\n<p><strong>Wtyczka do przegl\u0105darki<\/strong><\/p>\n<p>Mog\u0105 Pa\u0144stwo zapobiec zapisywaniu plik\u00f3w cookie poprzez odpowiednie ustawienie Pa\u0144stwa oprogramowania przegl\u0105darki; zwracamy jednak uwag\u0119, \u017ce w tym przypadku \u00a0nie b\u0119d\u0105 mogli Pa\u0144stwo ewentualnie w pe\u0142ni korzysta\u0107 ze wszystkich funkcji tej strony internetowej. Ponadto mog\u0105 Pa\u0144stwo zapobiec gromadzeniu przez Google danych wytworzonych przez plik cookie oraz danych zwi\u0105zanych z korzystaniem ze strony internetowej (w tym adresu IP), jak r\u00f3wnie\u017c ich przetwarzaniu przez Google, \u015bci\u0105gaj\u0105c oraz instaluj\u0105c wtyczk\u0119 przegl\u0105darki dost\u0119pn\u0105 pod poni\u017cszym linkiem: <a href=\"https:\/\/tools.google.com\/dlpage\/gaoptout?hl=de\">https:\/\/tools.google.com\/dlpage\/gaoptout?hl=de<\/a><\/p>\n<p><strong>Sprzeciw wobec gromadzeniu danych<\/strong><\/p>\n<p>Mog\u0105 Pa\u0144stwo zapobiec gromadzeniu Pa\u0144stwa danych przez Google Analytics, klikaj\u0105c na poni\u017cszy link. Zostanie ustawiony plik cookie opt-out, kt\u00f3ry zapobiegnie gromadzeniu Pa\u0144stwa danych podczas przysz\u0142ych wizyt na tej stronie: <a href=\"#\" id=\"deactivateAnalytics\">wy\u0142\u0105cz Google Analytics<\/a>.<\/p>\n<h4>O\u015aWIADCZENIE O OCHRO\u00adNIE DANYCH OSOBOWYCH DO KORZYSTANIA Z WTYCZEK FACEBOOK (PRZYCISK \"LUBI\u0118 TO\")<\/h4>\n<p>Na naszych stronach s\u0105 zintegrowane wtyczki sieci spo\u0142eczno\u015bciowej Facebook, dostawca us\u0142ugi Facebook Inc., 1 Hacker Way, Menlo Park, California 94025, USA. Wtyczki Facebook rozpoznaj\u0105 Pa\u0144stwo po logo Facebook lub po przycisku ,,Lubi\u0119 to\u201d na naszej stronie. Przegl\u0105d wtyczek Facebook znajd\u0105 Pa\u0144stwo tutaj: <a href=\"http:\/\/developers.facebook.com\/docs\/plugins\/\">http:\/\/developers.facebook.com\/docs\/plugins\/<\/a>. Je\u015bli odwiedzicie Pa\u0144stwo nasz\u0105 stron\u0119, nawi\u0105zane zostanie przez wtyczk\u0119 bezpo\u015brednie po\u0142\u0105czenie mi\u0119dzy Pa\u0144stwa przegl\u0105dark\u0105 a serwerem Facebook. Facebook otrzyma przez to informacje, \u017ce odwiedzili\u015bcie Pa\u0144stwo nasz\u0105 stron\u0119 z Pa\u0144stwa adresem IP. Je\u015bli klikn\u0105 Pa\u0144stwo przycisk ,,Lubi\u0119 to\u201d, podczas gdy jeste\u015bcie Pa\u0144stwo zalogowani na swoim koncie Facebook, mog\u0105 utworzy\u0107 Pa\u0144stwo link z tre\u015bci naszych stron na Pa\u0144stwa profilu Facebook. Facebook mo\u017ce przez to przyporz\u0105dkowa\u0107 odwiedziny naszych stron do Pa\u0144stwa konta u\u017cytkownika. Zwracamy uwag\u0119, \u017ce my jako dostawcy stron nie mamy wiedzy na temat tre\u015bci przekazywanych danych jak ich korzystania przez Facebook. Dalsze informacje na ten temat znajd\u0105 Pa\u0144stwo w o\u015bwiadczeniu o ochronie danych Facebook pod adresem <a href=\"http:\/\/de-de.facebook.com\/policy.php\">http:\/\/de-de.facebook.com\/policy.php<\/a>. Je\u015bli nie \u017cycz\u0105 sobie Pa\u0144stwo, aby Facebook m\u00f3g\u0142 przyporz\u0105dkowywa\u0107 odwiedziny naszych stron do Pa\u0144stwa konta na Facebooku, prosz\u0119 wylogowa\u0107 si\u0119 z Pa\u0144stwa konta na Facebooku.<\/p>\n<h4>INFORMAJCA, USUWANIE,\u00a0 BLOKOWANIE<\/h4>\n<p>W ka\u017cdej chwili maj\u0105 Pa\u0144stwo prawo do bezp\u0142atnej informacji o Pa\u0144stwa zapisanych danych osobowych, ich pochodzeniu i odbiorcy oraz celu przetwarzania danych jak r\u00f3wnie\u017c prawo do sprostowania, zablokowania lub usuni\u0119cia tych danych. W tej sprawie, jak r\u00f3wnie\u017c w przypadku dalszych pyta\u0144 na temat danych osobowych mog\u0105 Pa\u0144stwo zwr\u00f3ci\u0107 si\u0119 do nas w ka\u017cdej chwili pod adresem podanym w Impressum.<\/p>\n<p><em>\u0179r\u00f3d\u0142o: <a href=\"http:\/\/e-recht24.de\" target=\"_blank\" rel=\"noopener\">e-recht24.de<\/a><\/em><\/p>\n<\/div>\n<\/div><\/div><\/div><\/div><\/div><\/div>","protected":false},"excerpt":{"rendered":"<p>OCHRONA DANYCH Operatorzy tych stron bardzo powa\u017cnie traktuj\u0105 ochron\u0119 Pa\u0144\u00adstwa danych osobowych. Traktujemy Pa\u0144stwa dane osobowe w spos\u00f3b poufny oraz zgodnie z przepi\u00adsami prawnymi w &hellip;<\/p>\n","protected":false},"author":2,"featured_media":0,"parent":0,"menu_order":999,"comment_status":"closed","ping_status":"closed","template":"","meta":{"footnotes":""},"class_list":["post-2819","page","type-page","status-publish","hentry"],"_links":{"self":[{"href":"https:\/\/www.gwg-guben.de\/pl\/wp-json\/wp\/v2\/pages\/2819","targetHints":{"allow":["GET"]}}],"collection":[{"href":"https:\/\/www.gwg-guben.de\/pl\/wp-json\/wp\/v2\/pages"}],"about":[{"href":"https:\/\/www.gwg-guben.de\/pl\/wp-json\/wp\/v2\/types\/page"}],"author":[{"embeddable":true,"href":"https:\/\/www.gwg-guben.de\/pl\/wp-json\/wp\/v2\/users\/2"}],"replies":[{"embeddable":true,"href":"https:\/\/www.gwg-guben.de\/pl\/wp-json\/wp\/v2\/comments?post=2819"}],"version-history":[{"count":5,"href":"https:\/\/www.gwg-guben.de\/pl\/wp-json\/wp\/v2\/pages\/2819\/revisions"}],"predecessor-version":[{"id":3390,"href":"https:\/\/www.gwg-guben.de\/pl\/wp-json\/wp\/v2\/pages\/2819\/revisions\/3390"}],"wp:attachment":[{"href":"https:\/\/www.gwg-guben.de\/pl\/wp-json\/wp\/v2\/media?parent=2819"}],"curies":[{"name":"wp","href":"https:\/\/api.w.org\/{rel}","templated":true}]}}