{"id":2822,"date":"2018-01-18T09:37:26","date_gmt":"2018-01-18T08:37:26","guid":{"rendered":"https:\/\/www.gwg-guben.de\/?page_id=2822"},"modified":"2023-07-13T10:12:51","modified_gmt":"2023-07-13T08:12:51","slug":"impressum","status":"publish","type":"page","link":"https:\/\/www.gwg-guben.de\/pl\/impressum\/","title":{"rendered":"Impressum"},"content":{"rendered":"<div id=\"pl-2822\"  class=\"panel-layout\" ><div id=\"pg-2822-0\"  class=\"panel-grid panel-has-style\" ><div class=\"panel-row-style panel-row-style-for-2822-0\" ><div id=\"pgc-2822-0-0\"  class=\"panel-grid-cell\" ><div id=\"panel-2822-0-0-0\" class=\"so-panel widget widget_sow-editor panel-first-child panel-last-child\" data-index=\"0\" ><div\n\t\t\t\n\t\t\tclass=\"so-widget-sow-editor so-widget-sow-editor-base\"\n\t\t\t\n\t\t>\n<div class=\"siteorigin-widget-tinymce textwidget\">\n\t<h3>Dane zgodnie z \u00a7 5 TMG:<\/h3>\n<p>Gubener Wohnungsbaugenossenschaft - GWG - eG<br \/>\nKaltenborner Stra\u00dfe 58<br \/>\n03172 Guben<\/p>\n<h3>Kontakt:<\/h3>\n<p>Telefon: 03561 43870<br \/>\nTelefax: 03561 66613<br \/>\nE-Mail: info@gwg-guben.de<\/p>\n<p>Przewodnicz\u0105cy Rady Nadzorczej:<br \/>\nReinhard Mensch<\/p>\n<p>Zarz\u0105d:<br \/>\nThomas Gerstmeier<br \/>\nJ\u00f6rg Langner<\/p>\n<h3>Wpis do rejestru:<\/h3>\n<p>Wpis do Rejestru Sp\u00f3\u0142dzielni .<br \/>\nS\u0105d prowadz\u0105cy rejestr: Cottbus<br \/>\nNumer rejestru : GnR 37<br \/>\nNumer identyfikacyjny VAT zgodnie z \u00a7 27 a niemieckiej ustawy o podatku VAT (Umsatzsteuergesetz): 056 135 00288<\/p>\n<p>Nie jeste\u015bmy gotowi lub zobowi\u0105zani do udzia\u0142u w post\u0119powaniu mediacyjnym przed konsumenckim organem pojednawczym.<\/p>\n<h3>Zwi\u0105zek Rewizyjny :<\/h3>\n<p>BBU Verband Berlin-Brandenburgischer Wohnungsunternehmen e.V.<br \/>\nLentzeallee 107<br \/>\n14195 Berlin<\/p>\n<h3>Odpowiedzialno\u015b\u0107 za tre\u015bci<\/h3>\n<p>Jako dostawca us\u0142ug jeste\u015bmy zgodnie z \u00a7 7 pkt 1 TMG odpowiedzialni za w\u0142asne tre\u015bci na tych stronach zgodnie z og\u00f3lnymi ustawami. Zgodnie z \u00a7\u00a7 8 do 10 TMG nie jeste\u015bmy jednak jako dostawca us\u0142ug zobowi\u0105zani do monitorowania przekazywanych lub zapisywanych obcych informacji lub do badania okoliczno\u015bci, kt\u00f3re wskazuj\u0105 na nielegaln\u0105 dzia\u0142alno\u015b\u0107.<\/p>\n<p>Zobowi\u0105zania do usuni\u0119cia lub zablokowania korzystania z informacji zgodnie z og\u00f3lnymi ustawami pozostaj\u0105 nienaruszone. Odpowiedzialno\u015b\u0107 w tym zakresie jest jednak mo\u017cliwa tylko od momentu znajomo\u015bci konkretnego naruszenia prawa. Usuniemy te tre\u015bci natychmiast, gdy dane naruszenia prawne zostan\u0105 ujawnione.<\/p>\n<h3>Odpowiedzialno\u015b\u0107 za linki<\/h3>\n<p>Nasza oferta zawiera linki do zewn\u0119trznych stron internetowych os\u00f3b trzecich, na kt\u00f3rych zawarto\u015b\u0107 nie mamy wp\u0142ywu. Dlatego nie mo\u017cemy wzi\u0105\u0107 odpowiedzialno\u015bci za te obce tre\u015bci. Za tre\u015b\u0107 stron po\u0142\u0105czonych linkiem odpowiada zawsze dany dostawca lub operator tych stron. Strony po\u0142\u0105czone linkiem zosta\u0142y sprawdzone pod wzgl\u0119dem mo\u017cliwych narusze\u0144 prawa w momencie po\u0142\u0105czenia. W chwili po\u0142\u0105czenia linkiem nielegalne tre\u015bci by\u0142y niewidoczne. Ci\u0105g\u0142a kontrola tre\u015bci stron po\u0142\u0105czonych linkiem jest jednak niedopuszalna, je\u017celi nic nie wskazuje na naruszenie prawa. Usuniemy tego rodzaju linki natychmiast, gdy dane naruszenia prawne zostan\u0105 ujawnione.<\/p>\n<h3>Prawo autorskie<\/h3>\n<p>Tre\u015bci stworzone przez operator\u00f3w stron i dzie\u0142a na tych stronach podlegaj\u0105 niemieckiemu prawu autorskiemu. Powielanie, edycja, rozpowszechnianie oraz jakiekolwiek korzystanie poza granicami praw autorskich wymaga pisemnej zgody danego autora lub tw\u00f3rcy. Pobieranie i kopiowanie tej strony s\u0105 dozwolone tylko do u\u017cytku prywatnego, niekomercyjnego. O ile tre\u015bci na tej \u00a0stronie nie zosta\u0142y utworzone przez operatora, przestrzegane s\u0105 prawa autorskie os\u00f3b trzecich. W szczeg\u00f3lno\u015bci tre\u015bci os\u00f3b trzecich s\u0105 jako takie oznaczane. Je\u015bli zwr\u00f3c\u0105 Pa\u0144stwo uwag\u0119 na naruszenie praw autorskich, prosimy o odpowiedni\u0105 wskaz\u00f3wk\u0119. Usuniemy tego rodzaju tre\u015bci natychmiast, gdy naruszenia prawne zostan\u0105 ujawnione.<\/p>\n<p><em>\u0179r\u00f3d\u0142o: <a href=\"https:\/\/www.e-recht24.de\/impressum-generator.html\" target=\"_blank\" rel=\"noopener\">https:\/\/www.e-recht24.de\/impressum-generator.html<\/a><\/em><\/p>\n<p><strong>Zdj\u0119cia<em><br \/>\n<\/em><\/strong>Roger Hentzschel, Ringfoto Guben<br \/>\n<a href=\"http:\/\/www.rh-foto.de\/\">www.rh-foto.de<\/a><\/p>\n<p><strong>Koncept <\/strong><\/p>\n<p><strong>Design i realizacja<\/strong><br \/>\nchairlines medienagentur<br \/>\nFriedrichstra\u00dfe 39<br \/>\n03130 Spremberg<br \/>\n03563 6080689<br \/>\ninfo@chairlines.de<br \/>\n<a title=\"chairlines medienagentur\" href=\"http:\/\/www.chairlines.de\">www.chairlines.de<\/a><\/p>\n<\/div>\n<\/div><\/div><\/div><\/div><\/div><div id=\"pg-2822-1\"  class=\"panel-grid panel-no-style\" ><div id=\"pgc-2822-1-0\"  class=\"panel-grid-cell\" ><div id=\"panel-2822-1-0-0\" class=\"so-panel widget widget_sow-editor panel-first-child panel-last-child\" data-index=\"1\" ><div\n\t\t\t\n\t\t\tclass=\"so-widget-sow-editor so-widget-sow-editor-base\"\n\t\t\t\n\t\t>\n<div class=\"siteorigin-widget-tinymce textwidget\">\n\t<p>Icons made by <a title=\"Gregor Cresnar\" href=\"http:\/\/www.flaticon.com\/authors\/gregor-cresnar\">Gregor Cresnar<\/a> from <a title=\"Flaticon\" href=\"http:\/\/www.flaticon.com\">www.flaticon.com<\/a> is licensed by <a title=\"Creative Commons BY 3.0\" href=\"http:\/\/creativecommons.org\/licenses\/by\/3.0\/\" target=\"_blank\" rel=\"noopener\">CC 3.0 BY<\/a><\/p>\n<\/div>\n<\/div><\/div><\/div><\/div><\/div>","protected":false},"excerpt":{"rendered":"<p>Dane zgodnie z \u00a7 5 TMG: Gubener Wohnungsbaugenossenschaft &#8211; GWG &#8211; eG Kaltenborner Stra\u00dfe 58 03172 Guben Kontakt: Telefon: 03561 43870 Telefax: 03561 66613 E-Mail: &hellip;<\/p>\n","protected":false},"author":2,"featured_media":0,"parent":0,"menu_order":999,"comment_status":"closed","ping_status":"closed","template":"","meta":{"footnotes":""},"class_list":["post-2822","page","type-page","status-publish","hentry"],"_links":{"self":[{"href":"https:\/\/www.gwg-guben.de\/pl\/wp-json\/wp\/v2\/pages\/2822","targetHints":{"allow":["GET"]}}],"collection":[{"href":"https:\/\/www.gwg-guben.de\/pl\/wp-json\/wp\/v2\/pages"}],"about":[{"href":"https:\/\/www.gwg-guben.de\/pl\/wp-json\/wp\/v2\/types\/page"}],"author":[{"embeddable":true,"href":"https:\/\/www.gwg-guben.de\/pl\/wp-json\/wp\/v2\/users\/2"}],"replies":[{"embeddable":true,"href":"https:\/\/www.gwg-guben.de\/pl\/wp-json\/wp\/v2\/comments?post=2822"}],"version-history":[{"count":5,"href":"https:\/\/www.gwg-guben.de\/pl\/wp-json\/wp\/v2\/pages\/2822\/revisions"}],"predecessor-version":[{"id":7690,"href":"https:\/\/www.gwg-guben.de\/pl\/wp-json\/wp\/v2\/pages\/2822\/revisions\/7690"}],"wp:attachment":[{"href":"https:\/\/www.gwg-guben.de\/pl\/wp-json\/wp\/v2\/media?parent=2822"}],"curies":[{"name":"wp","href":"https:\/\/api.w.org\/{rel}","templated":true}]}}